{"id":470,"date":"2016-10-17T12:03:45","date_gmt":"2016-10-17T10:03:45","guid":{"rendered":"https:\/\/blbt.file2.wcms.tu-dresden.de\/ausbildung\/?page_id=470"},"modified":"2023-04-20T21:21:57","modified_gmt":"2023-04-20T19:21:57","slug":"luebeck-luebeck","status":"publish","type":"page","link":"https:\/\/blbt.file2.wcms.tu-dresden.de\/ausbildung\/gemeinsame-studiengaenge\/luebeck-luebeck\/","title":{"rendered":"L\u00fcbeck &#8211; L\u00fcbeck"},"content":{"rendered":"\n<h1 class=\"wp-block-heading\">Fachhochschule L\u00fcbeck &#8211; Universit\u00e4t zu L\u00fcbeck<\/h1>\n\n\n\n<div data-wp-interactive=\"core\/file\" class=\"wp-block-file\"><object data-wp-bind--hidden=\"!state.hasPdfPreview\" hidden class=\"wp-block-file__embed\" data=\"https:\/\/blbt.file2.wcms.tu-dresden.de\/ausbildung\/wp-content\/uploads\/2023\/04\/luebeck_uni_fh.pdf\" type=\"application\/pdf\" style=\"width:100%;height:600px\" aria-label=\"Einbettung von luebeck_uni_fh.\"><\/object><a id=\"wp-block-file--media-c256bddd-a406-449f-a99b-0da25907b95b\" href=\"https:\/\/blbt.file2.wcms.tu-dresden.de\/ausbildung\/wp-content\/uploads\/2023\/04\/luebeck_uni_fh.pdf\">luebeck_uni_fh<\/a><a href=\"https:\/\/blbt.file2.wcms.tu-dresden.de\/ausbildung\/wp-content\/uploads\/2023\/04\/luebeck_uni_fh.pdf\" class=\"wp-block-file__button wp-element-button\" download aria-describedby=\"wp-block-file--media-c256bddd-a406-449f-a99b-0da25907b95b\">Herunterladen<\/a><\/div>\n","protected":false},"excerpt":{"rendered":"<p>Fachhochschule L\u00fcbeck &#8211; Universit\u00e4t zu L\u00fcbeck<\/p>\n","protected":false},"author":1,"featured_media":0,"parent":141,"menu_order":5,"comment_status":"closed","ping_status":"closed","template":"bmt.php","meta":{"_acf_changed":false,"footnotes":""},"coauthors":[7],"class_list":["post-470","page","type-page","status-publish","hentry"],"acf":[],"_links":{"self":[{"href":"https:\/\/blbt.file2.wcms.tu-dresden.de\/ausbildung\/wp-json\/wp\/v2\/pages\/470","targetHints":{"allow":["GET"]}}],"collection":[{"href":"https:\/\/blbt.file2.wcms.tu-dresden.de\/ausbildung\/wp-json\/wp\/v2\/pages"}],"about":[{"href":"https:\/\/blbt.file2.wcms.tu-dresden.de\/ausbildung\/wp-json\/wp\/v2\/types\/page"}],"author":[{"embeddable":true,"href":"https:\/\/blbt.file2.wcms.tu-dresden.de\/ausbildung\/wp-json\/wp\/v2\/users\/1"}],"replies":[{"embeddable":true,"href":"https:\/\/blbt.file2.wcms.tu-dresden.de\/ausbildung\/wp-json\/wp\/v2\/comments?post=470"}],"version-history":[{"count":3,"href":"https:\/\/blbt.file2.wcms.tu-dresden.de\/ausbildung\/wp-json\/wp\/v2\/pages\/470\/revisions"}],"predecessor-version":[{"id":2535,"href":"https:\/\/blbt.file2.wcms.tu-dresden.de\/ausbildung\/wp-json\/wp\/v2\/pages\/470\/revisions\/2535"}],"up":[{"embeddable":true,"href":"https:\/\/blbt.file2.wcms.tu-dresden.de\/ausbildung\/wp-json\/wp\/v2\/pages\/141"}],"wp:attachment":[{"href":"https:\/\/blbt.file2.wcms.tu-dresden.de\/ausbildung\/wp-json\/wp\/v2\/media?parent=470"}],"wp:term":[{"taxonomy":"author","embeddable":true,"href":"https:\/\/blbt.file2.wcms.tu-dresden.de\/ausbildung\/wp-json\/wp\/v2\/coauthors?post=470"}],"curies":[{"name":"wp","href":"https:\/\/api.w.org\/{rel}","templated":true}]}}