{"id":1015,"date":"2019-09-20T22:02:36","date_gmt":"2019-09-20T20:02:36","guid":{"rendered":"https:\/\/blbt.file2.wcms.tu-dresden.de\/bme2o\/?page_id=1015"},"modified":"2025-04-01T18:39:18","modified_gmt":"2025-04-01T16:39:18","slug":"lehrbuchreihe","status":"publish","type":"page","link":"https:\/\/blbt.file2.wcms.tu-dresden.de\/bme2o\/lehrbuchreihe\/","title":{"rendered":"Lehrbuchreihe"},"content":{"rendered":"<div style=\"font-size: larger; font-weight: bold; padding: 0 44px 0 0;\">\n<div>\n<img loading=\"lazy\" decoding=\"async\" class=\" wp-image-2920 alignleft\" style=\"float: left;\" src=\"https:\/\/blbt.file2.wcms.tu-dresden.de\/bme2o\/wp-content\/uploads\/2025\/02\/blumen_buch.png\" alt=\"\" width=\"130\" height=\"83\" \/> <span style=\"color: red\">NEU 2\/2025:<img loading=\"lazy\" decoding=\"async\" class=\"alignright  wp-image-993\" style=\"margin: 0;\" src=\"https:\/\/blbt.file2.wcms.tu-dresden.de\/bme2o\/wp-content\/uploads\/2019\/09\/Logo-eMedTech-allein-1-e1569010190144.jpg\" alt=\"\" width=\"120\" height=\"25\" \/><\/span><br \/>\nBand 3 der Lehrbuchreihe <span style=\"color: red\">\u201eBiomaterialien, medizinische Implantate, Tissue Engineering\u201c<\/span> ist erschienen \u2013 als eBook und gedruckt;<br \/>\nBuch kaufen: <a href=\"https:\/\/blbt.file2.wcms.tu-dresden.de\/bme2o\/bme2o\/theragnosos\/lernsoftware\/preise-und-lizenzen\/\" target=\"_blank\">Link zum Bestellformular<\/a><\/div>\n<div style=\"clear:both;\"><\/div>\n<div style=\"width: 115px; float:left; margin-right:20px; margin-bottom:20px;\"><a class=\"blauer_rahmen\" style=\"padding: 7px;\" title=\"Lehrbuchreihe\" href=\"https:\/\/www.degruyter.com\/view\/serial\/44734\" target=\"_blank\" rel=\"noopener noreferrer\"><label class=\"blauer_rahmen_beschriftung\"><img decoding=\"async\" class=\"blauer_rahmen_bild\" style=\"padding-left: 9px;\" src=\"https:\/\/blbt.file2.wcms.tu-dresden.de\/bme2o\/wp-content\/uploads\/2025\/02\/logo_buchreihe.png\" alt=\"\" \/>Lehrbuchreihe inkl. eBook<\/label><\/a><br \/>\n<a class=\"blauer_rahmen\" style=\"padding: 10px;\" title=\"Lehrbuchreihe\" href=\"https:\/\/www.degruyter.com\/view\/serial\/44734\" target=\"_blank\" rel=\"noopener noreferrer\"><label class=\"blauer_rahmen_beschriftung\"><img decoding=\"async\" class=\"blauer_rahmen_bild\" style=\"padding-left: 14px;\" src=\"https:\/\/blbt.file2.wcms.tu-dresden.de\/bme2o\/wp-content\/uploads\/2019\/09\/lehrbuch2.png\" alt=\"\" \/>Glossar f\u00fcr BMT-Lexikon<\/label><\/a><\/div>\n<div>\n<p style=\"text-align: center;\">12-b\u00e4ndige <b>Lehrbuchreihe<\/b> f\u00fcr Studium und Praxis<br \/>\n30 Bandherausgeber im wissenschaftlichen Beirat<br \/>\n175+ Autoren aus Hochschule, Forschung, Klinik und Industrie<br \/>\n6 B\u00e4nde sind erschienen \/ 6 B\u00e4nde sind in Arbeit und folgen Open Access CC-BY 4.0<\/p>\n<p style=\"text-align: justify;\">Die Reihe ist systematisierend f\u00fcr 12 B\u00e4nde geplant. Es gibt keine vergleichbaren Lehr&shy;b\u00fccher im Bereich Biomedizinische Technik. Die Reihe ist schl\u00fcssig von Hoch&shy;schul&shy;lehrern und Experten aus der Praxis konzipiert, und 6 von 12 B\u00e4nden der Lehr&shy;buch&shy;reihe sind bereits erschienen, 6 sind derzeit in Arbeit. Band 9 wird aktualisiert und Open Access 2025 erneut erscheinen. Die im Glossar definierten Fach&shy;begriffe bilden das Lexikon Biomedizinische Technik.<\/p>\n<p><img decoding=\"async\" src=\"https:\/\/blbt.file2.wcms.tu-dresden.de\/bme2o\/wp-content\/uploads\/2025\/02\/lehrbuchreihe_6-1.png\" alt=\"\" style=\"width:100%;\"\/><\/p>\n<p>2014 bis 2016: Band 1, 6, 7, 9, 10 bei Walter de Gruyter Berlin, 978-3-11-036780-5\u00a0(ISBN);<br \/>\n<span style=\"color: red\">ab 2025: Band 3 bei Berlin Universities Publishing Open Access<\/span><br \/>\nDetails zu Band 3: <span style=\"font-weight: normal;\">s. <a href=\"https:\/\/blbt.file2.wcms.tu-dresden.de\/bme2o\/wp-content\/uploads\/2025\/03\/Band-3-Details-1.pdf\" target=\"_blank\" title=\"Link zum PDF\">PDF<\/a><\/span><br \/>\nkostenfrei lesen: <span style=\"font-weight: normal;\"><a href=\"https:\/\/berlinup.books.tu-berlin.de\/en\/produkt\/978-3-98781-005-3\/\" target=\"_blank\">https:\/\/berlinup.books.tu-berlin.de\/en\/produkt\/978-3-98781-005-3\/<\/a><\/span><br \/>\ngedrucktes Buch f\u00fcr 79,- EUR auf Rechnung kaufen: <span style=\"font-weight: normal;\"><a href=\"https:\/\/blbt.file2.wcms.tu-dresden.de\/bme2o\/bme2o\/theragnosos\/lernsoftware\/preise-und-lizenzen\/\" target=\"_blank\">Link zum Bestellformular<\/a><\/span><br \/>\noder Sponsoring des Projektes: <span style=\"font-weight: normal;\">=&gt; Mail an ute.morgenstern@tu-dresden.de<\/span><br \/>\neMedTech: <span style=\"font-weight: normal;\">=&gt; Mail an ute.morgenstern@tu-dresden.de<\/span><br \/>\nInteresse, als Autor an der Lehrbuchreihe mitzuarbeiten? <span style=\"font-weight: normal;\">=&gt; Mail an ute.morgenstern@tu-dresden.de<\/span><\/p>\n<\/div>\n<div style=\"clear: both; margin: 10px;\"><\/div>\n<div><a style=\"color: red; margin: 60px 0 20px 0; font-size: large;\" title=\"Preise und Lizenzen\" href=\"https:\/\/blbt.file2.wcms.tu-dresden.de\/bme2o\/bme2o\/theragnosos\/lernsoftware\/preise-und-lizenzen\/\" id=\"unten\">Wissen einbringen, f\u00f6rdern und nutzen!<\/a><\/p>\n<div style=\"float: right; width: 290px; margin-left: 20px; height: 90px;\"><a title=\"Preise und Lizenzen\" href=\"https:\/\/blbt.file2.wcms.tu-dresden.de\/bme2o\/bme2o\/theragnosos\/lernsoftware\/preise-und-lizenzen\/\"><img decoding=\"async\" src=\"https:\/\/blbt.file2.wcms.tu-dresden.de\/bme2o\/wp-content\/uploads\/2019\/09\/pfeil.png\" alt=\"\" \/><\/a><\/div>\n<p>Kaufen Sie Band 3 und\/oder arbeiten Sie mit den eLearning-Modulen zur Biomedizinischen Technik &#8222;TheraGnosos&#8220; und f\u00f6rdern Sie dadurch auch die Fertigstellung der 12-b\u00e4ndigen Lehrbuchreihe in <em>Open\u00a0Access<\/em> \u2013 kostenlos f\u00fcr Alle!<br \/>\n<span style=\"font-weight: normal;\"><a href=\"https:\/\/blbt.file2.wcms.tu-dresden.de\/bme2o\/bme2o\/theragnosos\/lernsoftware\/preise-und-lizenzen\/\" target=\"_blank\">Link zum Bestellformular<\/a><\/span><\/div>\n<\/div>\n","protected":false},"excerpt":{"rendered":"<p>NEU 2\/2025: Band 3 der Lehrbuchreihe \u201eBiomaterialien, medizinische Implantate, Tissue Engineering\u201c ist erschienen \u2013 als eBook und gedruckt; Buch kaufen: Link zum Bestellformular Lehrbuchreihe inkl. eBook Glossar f\u00fcr BMT-Lexikon 12-b\u00e4ndige Lehrbuchreihe f\u00fcr Studium und Praxis 30 Bandherausgeber im wissenschaftlichen Beirat 175+ Autoren aus Hochschule, Forschung, Klinik und Industrie 6 B\u00e4nde sind erschienen \/ 6 B\u00e4nde &hellip; <a href=\"https:\/\/blbt.file2.wcms.tu-dresden.de\/bme2o\/lehrbuchreihe\/\" class=\"more-link\"><span class=\"screen-reader-text\">\u201eLehrbuchreihe\u201c<\/span> weiterlesen<\/a><\/p>\n","protected":false},"author":1,"featured_media":0,"parent":0,"menu_order":0,"comment_status":"closed","ping_status":"closed","template":"","meta":{"footnotes":""},"class_list":["post-1015","page","type-page","status-publish","hentry"],"aioseo_notices":[],"_links":{"self":[{"href":"https:\/\/blbt.file2.wcms.tu-dresden.de\/bme2o\/wp-json\/wp\/v2\/pages\/1015","targetHints":{"allow":["GET"]}}],"collection":[{"href":"https:\/\/blbt.file2.wcms.tu-dresden.de\/bme2o\/wp-json\/wp\/v2\/pages"}],"about":[{"href":"https:\/\/blbt.file2.wcms.tu-dresden.de\/bme2o\/wp-json\/wp\/v2\/types\/page"}],"author":[{"embeddable":true,"href":"https:\/\/blbt.file2.wcms.tu-dresden.de\/bme2o\/wp-json\/wp\/v2\/users\/1"}],"replies":[{"embeddable":true,"href":"https:\/\/blbt.file2.wcms.tu-dresden.de\/bme2o\/wp-json\/wp\/v2\/comments?post=1015"}],"version-history":[{"count":42,"href":"https:\/\/blbt.file2.wcms.tu-dresden.de\/bme2o\/wp-json\/wp\/v2\/pages\/1015\/revisions"}],"predecessor-version":[{"id":3028,"href":"https:\/\/blbt.file2.wcms.tu-dresden.de\/bme2o\/wp-json\/wp\/v2\/pages\/1015\/revisions\/3028"}],"wp:attachment":[{"href":"https:\/\/blbt.file2.wcms.tu-dresden.de\/bme2o\/wp-json\/wp\/v2\/media?parent=1015"}],"curies":[{"name":"wp","href":"https:\/\/api.w.org\/{rel}","templated":true}]}}