{"id":1184,"date":"2019-09-23T08:10:37","date_gmt":"2019-09-23T06:10:37","guid":{"rendered":"https:\/\/blbt.file2.wcms.tu-dresden.de\/bme2o\/?page_id=1184"},"modified":"2019-09-23T19:55:42","modified_gmt":"2019-09-23T17:55:42","slug":"partner-links","status":"publish","type":"page","link":"https:\/\/blbt.file2.wcms.tu-dresden.de\/bme2o\/partner-links\/","title":{"rendered":"Partner &#038; Links"},"content":{"rendered":"<div style=\"border: 5px solid #8fb5e2; border-radius: 10px; margin-bottom: 25px; padding: 15px;\">\n<p style=\"font-weight:bold; color: red; font-size: larger\">Partner im Projekt Wissenspool Biomedizinische Technik<\/p>\n<div style=\"float:left; margin-right: 40px;\">\n\t\t\t\t<img decoding=\"async\" class=\"img_logo\" src=\"https:\/\/blbt.file2.wcms.tu-dresden.de\/bme2o\/wp-content\/uploads\/2019\/09\/logo_tu_berlin.png\" alt=\"\"> <img decoding=\"async\" class=\"img_logo\" src=\"https:\/\/blbt.file2.wcms.tu-dresden.de\/bme2o\/wp-content\/uploads\/2019\/09\/logo_tu_dresden.png\" alt=\"\"><br \/>\n<img decoding=\"async\" class=\"img_logo\" src=\"https:\/\/blbt.file2.wcms.tu-dresden.de\/bme2o\/wp-content\/uploads\/2019\/09\/logo_medtech.png\" alt=\"\"> <img decoding=\"async\" class=\"img_logo\" style=\"height: 100px;\" src=\"https:\/\/blbt.file2.wcms.tu-dresden.de\/bme2o\/wp-content\/uploads\/2019\/09\/logo_ibmt.png\" alt=\"\"><\/div>\n<div style=\"margin-bottom: 60px;\">\n\t\t\t\t<img decoding=\"async\" class=\"img_logo\" style=\"height: 35px;\" src=\"https:\/\/blbt.file2.wcms.tu-dresden.de\/bme2o\/wp-content\/uploads\/2019\/09\/logo_vde.png\" alt=\"\"> <img decoding=\"async\" class=\"img_logo\" src=\"https:\/\/blbt.file2.wcms.tu-dresden.de\/bme2o\/wp-content\/uploads\/2019\/09\/logo_slub.png\" alt=\"\"> <img decoding=\"async\" class=\"img_logo\" src=\"https:\/\/blbt.file2.wcms.tu-dresden.de\/bme2o\/wp-content\/uploads\/2019\/09\/logo_degruyter.png\" alt=\"\"><\/div>\n<\/div>\n<div style=\"clear:both\">\n<p><img decoding=\"async\" style=\"height: 25px;\" src=\"https:\/\/blbt.file2.wcms.tu-dresden.de\/bme2o\/wp-content\/uploads\/2019\/09\/stern_mit.png\" alt=\"\"> moralische und <img decoding=\"async\" style=\"height: 25px;\" src=\"https:\/\/blbt.file2.wcms.tu-dresden.de\/bme2o\/wp-content\/uploads\/2019\/09\/stern_ohne.png\" alt=\"\"> finanzielle Unterst\u00fctzung bei Aufbau des Wissenspools und Finanzierung der Lehrbuchreihe<\/p>\n<\/div>\n<div style=\"text-align: justify;\">F\u00fcr BMT-Wissensplattform und eLehrb\u00fccher gibt es bisher keinerlei F\u00f6rderm\u00f6glichkeiten. Beteiligen Sie sich an der Finanzierung durch Nutzung der eLearning-Angebote und der Studiengangs-Datenbank.<\/div>\n<div style=\"text-align: justify; margin-top: 10px;\">Das Projekt Wissensbasis Biomedizinische Technik wird organisiert \u00fcber die <a title=\"GWT\" target=\"_blank\" href=\"https:\/\/www.gwtonline.de\/woran-wir-arbeiten\/referenzen\/biomedizinische-technik-gesammeltes-wissen-zum-wohle-der-patienten\/\" rel=\"noopener noreferrer\">GWT-TUD GmbH Dresden<\/a>. Nehmen Sie mit<br \/>\nuns Kontakt auf \u00fcber ute.morgenstern@tu-dresden.de<\/div>\n","protected":false},"excerpt":{"rendered":"<p>Partner im Projekt Wissenspool Biomedizinische Technik moralische und finanzielle Unterst\u00fctzung bei Aufbau des Wissenspools und Finanzierung der Lehrbuchreihe F\u00fcr BMT-Wissensplattform und eLehrb\u00fccher gibt es bisher keinerlei F\u00f6rderm\u00f6glichkeiten. Beteiligen Sie sich an der Finanzierung durch Nutzung der eLearning-Angebote und der Studiengangs-Datenbank. Das Projekt Wissensbasis Biomedizinische Technik wird organisiert \u00fcber die GWT-TUD GmbH Dresden. Nehmen Sie mit &hellip; <a href=\"https:\/\/blbt.file2.wcms.tu-dresden.de\/bme2o\/partner-links\/\" class=\"more-link\"><span class=\"screen-reader-text\">\u201ePartner &#038; Links\u201c<\/span> weiterlesen<\/a><\/p>\n","protected":false},"author":1,"featured_media":0,"parent":0,"menu_order":0,"comment_status":"closed","ping_status":"closed","template":"","meta":{"footnotes":""},"class_list":["post-1184","page","type-page","status-publish","hentry"],"aioseo_notices":[],"_links":{"self":[{"href":"https:\/\/blbt.file2.wcms.tu-dresden.de\/bme2o\/wp-json\/wp\/v2\/pages\/1184","targetHints":{"allow":["GET"]}}],"collection":[{"href":"https:\/\/blbt.file2.wcms.tu-dresden.de\/bme2o\/wp-json\/wp\/v2\/pages"}],"about":[{"href":"https:\/\/blbt.file2.wcms.tu-dresden.de\/bme2o\/wp-json\/wp\/v2\/types\/page"}],"author":[{"embeddable":true,"href":"https:\/\/blbt.file2.wcms.tu-dresden.de\/bme2o\/wp-json\/wp\/v2\/users\/1"}],"replies":[{"embeddable":true,"href":"https:\/\/blbt.file2.wcms.tu-dresden.de\/bme2o\/wp-json\/wp\/v2\/comments?post=1184"}],"version-history":[{"count":9,"href":"https:\/\/blbt.file2.wcms.tu-dresden.de\/bme2o\/wp-json\/wp\/v2\/pages\/1184\/revisions"}],"predecessor-version":[{"id":1221,"href":"https:\/\/blbt.file2.wcms.tu-dresden.de\/bme2o\/wp-json\/wp\/v2\/pages\/1184\/revisions\/1221"}],"wp:attachment":[{"href":"https:\/\/blbt.file2.wcms.tu-dresden.de\/bme2o\/wp-json\/wp\/v2\/media?parent=1184"}],"curies":[{"name":"wp","href":"https:\/\/api.w.org\/{rel}","templated":true}]}}