{"id":14,"date":"2016-09-06T22:35:04","date_gmt":"2016-09-06T20:35:04","guid":{"rendered":"https:\/\/blbt.file2.wcms.tu-dresden.de\/bme2o\/?page_id=14"},"modified":"2019-09-20T22:00:34","modified_gmt":"2019-09-20T20:00:34","slug":"ueber-uns","status":"publish","type":"page","link":"https:\/\/blbt.file2.wcms.tu-dresden.de\/bme2o\/bme2o\/ueber-uns\/","title":{"rendered":"\u00dcber Uns"},"content":{"rendered":"<p>Moderne eLearning-Angebote im interdisziplin\u00e4ren Fachgebiet der Biomedizinischen Technik lassen sich mit &#8222;BME eLearn&#8220; problemlos realisieren.<\/p>\n<p>Langj\u00e4hrige Erfahrungen des Entwicklerteams auf dem Gebiet der Erstellung von eLearning-Angeboten im Bereich der Biomedizinischen Technik sind die Garantie sowohl f\u00fcr eine gute fachliche als auch technische Umsetzung der vorgegebenen Inhalte. (Referenz: TheraGnosos)<\/p>\n<p>Ausgehend von den zu vermittelnden Lernzielen und \u2013inhalten k\u00f6nnen unterschiedliche Lehrangebote (z.\u2009B. Begleitung eines Pr\u00e4senzteils oder vollst\u00e4ndiges Selbststudium) sowie verschiedene Darstellungs\u00adformen (Theorievermittlung, interaktive \u00dcbungen, Tests, Pr\u00fcfungen) pr\u00e4sentiert <a href=\"https:\/\/blbt.file2.wcms.tu-dresden.de\/bme2o\/wp-content\/uploads\/2016\/09\/Netzwerk.png\" target=\"_blank\" rel=\"noopener noreferrer\"><img loading=\"lazy\" decoding=\"async\" class=\"alignright wp-image-32\" src=\"https:\/\/blbt.file2.wcms.tu-dresden.de\/bme2o\/wp-content\/uploads\/2016\/09\/Netzwerk-988x1024.png\" alt=\"netzwerk\" width=\"400\" height=\"414\" srcset=\"https:\/\/blbt.file2.wcms.tu-dresden.de\/bme2o\/wp-content\/uploads\/2016\/09\/Netzwerk-988x1024.png 988w, https:\/\/blbt.file2.wcms.tu-dresden.de\/bme2o\/wp-content\/uploads\/2016\/09\/Netzwerk-290x300.png 290w, https:\/\/blbt.file2.wcms.tu-dresden.de\/bme2o\/wp-content\/uploads\/2016\/09\/Netzwerk-768x796.png 768w, https:\/\/blbt.file2.wcms.tu-dresden.de\/bme2o\/wp-content\/uploads\/2016\/09\/Netzwerk-1200x1243.png 1200w, https:\/\/blbt.file2.wcms.tu-dresden.de\/bme2o\/wp-content\/uploads\/2016\/09\/Netzwerk.png 2021w\" sizes=\"auto, (max-width: 400px) 85vw, 400px\" \/><\/a>werden.<\/p>\n<p>Die unterschiedlichen Angebote reichen von der Unterst\u00fctzung bei Erstellung der Lernsoftware \u00fcber die Hilfe bei der inhaltlichen und didaktischen Aufbereitung, der Programmierung und Evaluation sowie der Programm\u00fcberarbeitung (Standardvariante) bis hin zur vollst\u00e4ndigen \u00dcbernahme der Umsetzung der Fachinhalte.<\/p>\n<p>Im Hintergrund des Projektes steht ein umfangreiches Netzwerk mit Verbindungen zu unterschiedlichen Partnern aus dem Bildungsbereich und der Industrie zur Verf\u00fcgung (siehe Grafik rechts).<\/p>\n","protected":false},"excerpt":{"rendered":"<p>Moderne eLearning-Angebote im interdisziplin\u00e4ren Fachgebiet der Biomedizinischen Technik lassen sich mit &#8222;BME eLearn&#8220; problemlos realisieren. Langj\u00e4hrige Erfahrungen des Entwicklerteams auf dem Gebiet der Erstellung von eLearning-Angeboten im Bereich der Biomedizinischen Technik sind die Garantie sowohl f\u00fcr eine gute fachliche als auch technische Umsetzung der vorgegebenen Inhalte. (Referenz: TheraGnosos) Ausgehend von den zu vermittelnden Lernzielen und &hellip; <a href=\"https:\/\/blbt.file2.wcms.tu-dresden.de\/bme2o\/bme2o\/ueber-uns\/\" class=\"more-link\"><span class=\"screen-reader-text\">\u201e\u00dcber Uns\u201c<\/span> weiterlesen<\/a><\/p>\n","protected":false},"author":1,"featured_media":34,"parent":2,"menu_order":0,"comment_status":"closed","ping_status":"closed","template":"","meta":{"footnotes":""},"class_list":["post-14","page","type-page","status-publish","has-post-thumbnail","hentry"],"aioseo_notices":[],"_links":{"self":[{"href":"https:\/\/blbt.file2.wcms.tu-dresden.de\/bme2o\/wp-json\/wp\/v2\/pages\/14","targetHints":{"allow":["GET"]}}],"collection":[{"href":"https:\/\/blbt.file2.wcms.tu-dresden.de\/bme2o\/wp-json\/wp\/v2\/pages"}],"about":[{"href":"https:\/\/blbt.file2.wcms.tu-dresden.de\/bme2o\/wp-json\/wp\/v2\/types\/page"}],"author":[{"embeddable":true,"href":"https:\/\/blbt.file2.wcms.tu-dresden.de\/bme2o\/wp-json\/wp\/v2\/users\/1"}],"replies":[{"embeddable":true,"href":"https:\/\/blbt.file2.wcms.tu-dresden.de\/bme2o\/wp-json\/wp\/v2\/comments?post=14"}],"version-history":[{"count":8,"href":"https:\/\/blbt.file2.wcms.tu-dresden.de\/bme2o\/wp-json\/wp\/v2\/pages\/14\/revisions"}],"predecessor-version":[{"id":1012,"href":"https:\/\/blbt.file2.wcms.tu-dresden.de\/bme2o\/wp-json\/wp\/v2\/pages\/14\/revisions\/1012"}],"up":[{"embeddable":true,"href":"https:\/\/blbt.file2.wcms.tu-dresden.de\/bme2o\/wp-json\/wp\/v2\/pages\/2"}],"wp:featuredmedia":[{"embeddable":true,"href":"https:\/\/blbt.file2.wcms.tu-dresden.de\/bme2o\/wp-json\/wp\/v2\/media\/34"}],"wp:attachment":[{"href":"https:\/\/blbt.file2.wcms.tu-dresden.de\/bme2o\/wp-json\/wp\/v2\/media?parent=14"}],"curies":[{"name":"wp","href":"https:\/\/api.w.org\/{rel}","templated":true}]}}