{"id":1409,"date":"2022-06-30T14:33:07","date_gmt":"2022-06-30T12:33:07","guid":{"rendered":"https:\/\/blbt.file2.wcms.tu-dresden.de\/bme2o\/?page_id=1409"},"modified":"2022-06-30T14:33:56","modified_gmt":"2022-06-30T12:33:56","slug":"erklaerung-zur-barrierefreiheit","status":"publish","type":"page","link":"https:\/\/blbt.file2.wcms.tu-dresden.de\/bme2o\/erklaerung-zur-barrierefreiheit\/","title":{"rendered":"Erkl\u00e4rung zur Barrierefreiheit"},"content":{"rendered":"\n<p>Diese Erkl\u00e4rung zur Barrierefreiheit gilt f\u00fcr die unter theragnosos.de ver\u00f6ffentlichte Website zum Projekt eMedTech und die Lernsoftware TheraGnosos (Version xxx, Datum).<\/p>\n\n\n\n<p>Die TU Dresden, Projekt eMedTech  ist bem\u00fcht, ihre Websites und mobilen Anwendungen im Einklang mit den Bestimmungen des Barrierefreie-Websites-Gesetz (BfWebG) sowie in Verbindung mit der Barrierefreie-Informationstechnik-Verordnung (BITV 2.0) barrierefrei zug\u00e4nglich zu machen.<\/p>\n\n\n\n<h2 class=\"wp-block-heading\">Erstellung dieser Erkl\u00e4rung zur Barrierefreiheit<\/h2>\n\n\n\n<p>Diese Erkl\u00e4rung wurde am 19.04.2022 erstellt und zuletzt am 30.6.2022 aktualisiert. Grundlage der Erstellung dieser Erkl\u00e4rung zur Barrierefreiheit ist eine am 13.04.2022 durchgef\u00fchrte Selbstbewertung der TU Dresden.<\/p>\n\n\n\n<h2 class=\"wp-block-heading\">Stand der Vereinbarkeit mit den Anforderungen der BITV<\/h2>\n\n\n\n<p>Wir verf\u00fcgen \u00fcber einen sehr umfangreichen und vielf\u00e4ltigen Webauftritt mit einer Vielzahl von Dokumenten. Dieser wurde vor dem 23. September 2018 ver\u00f6ffentlicht und ist wegen der folgenden Unvereinbarkeiten und\/oder Ausnahmen nicht mit den Vorgaben des BfWebG in Verbindung mit der BITV 2.0 vereinbar. \nDa das Projekt seit August 2013 abgeschlossen ist, werden keine weiteren Entwicklungsarbeiten\/Verbesserungen an der Webseite vorgenommen. \n<\/p>\n\n\n\n<p>Kontaktieren Sie uns telefonisch oder per Mail, wenn (Teile unserer) Inhalte f\u00fcr Sie nicht barrierefrei zug\u00e4nglich sind. Wir bem\u00fchen uns dann die gew\u00fcnschten Informationen bereitzustellen.<\/p>\n\n\n\n<h2 class=\"wp-block-heading\">Nicht barrierefreie Inhalte <\/h2>\n\n\n<ul>\n<li>Die Inhalte der Seiten sind gr\u00f6\u00dftenteils nicht durch \u00dcberschriften strukturiert.<\/li>\n<li>Teilweise fehlen Alternativtexte bzw. sind diese unvollst\u00e4ndig.<\/li>\n<li>Die Kontrastverh\u00e4ltnisse vor allem bei Verlinkungen entsprechen nicht den Mindestanforderungen.<\/li>\n<li>In Tabellen sind Spalten- bzw. Zeilenk\u00f6pfe nicht als solche gekennzeichnet.<\/li>\n<\/ul>\n<p>Folgende Abschnitte\/Inhalte\/Funktionen sind nicht barrierefrei zug\u00e4nglich gestaltet, da diese Inhalte eine Ausnahme nach Artikel 1 Absatz 3 der Richtlinie (EU) 2016\/2102 darstellen und somit   nicht in den Anwendungsbereich des BfWebG fallen:<\/p>\n<ul>\n<li>Die E-Learning-Anwendung TheraGnosos wurde im Rahmen eines Projektes (Laufzeit von 2010 bis 2013) entwickelt und ver\u00f6ffentlicht und seither nicht grundlegend \u00fcberarbeitet, daher entsprechen diese Inhalte nicht den Anforderungen der Barrierefreiheit.<\/li>\n<\/ul>\n\n\n<h2 class=\"wp-block-heading\">Kontakt<\/h2>\n\n\n\n<p>Sollten Ihnen weitere M\u00e4ngel in Bezug auf die barrierefreie Gestaltung auffallen, wenden Sie sich bitte an Dr. Ute Morgenstern, ute.morgenstern@tu-dresden.de.<\/p>\n\n\n\n<h2 class=\"wp-block-heading\">Durchsetzungsverfahren<\/h2>\n\n\n\n<p>Wenn wir Ihre R\u00fcckmeldungen aus Ihrer Sicht nicht befriedigend bearbeiten, k\u00f6nnen Sie sich an die S\u00e4chsische Durchsetzungsstelle wenden:<\/p>\n\n\n\n<p>Beauftragter der S\u00e4chsischen Staatsregierung f\u00fcr die Belange von Menschen mit Behinderungen<br>\nAlbertstra\u00dfe 10, 01097 Dresden<\/p>\n\n\n\n<p>Postanschrift: Archivstra\u00dfe 1, 01097 Dresden<br>\nE-Mail: info.behindertenbeauftragter@sk.sachsen.de<br>\nTelefon: 0351 564-12161<br>\nFax: 0351 564-12169<br>\nWebseite: <a href=\"https:\/\/www.inklusion.sachsen.de\" target=\"_blank\" rel=\"noopener\">https:\/\/www.inklusion.sachsen.de<\/a>\n<\/p>\n","protected":false},"excerpt":{"rendered":"<p>Diese Erkl\u00e4rung zur Barrierefreiheit gilt f\u00fcr die unter theragnosos.de ver\u00f6ffentlichte Website zum Projekt eMedTech und die Lernsoftware TheraGnosos (Version xxx, Datum). Die TU Dresden, Projekt eMedTech ist bem\u00fcht, ihre Websites und mobilen Anwendungen im Einklang mit den Bestimmungen des Barrierefreie-Websites-Gesetz (BfWebG) sowie in Verbindung mit der Barrierefreie-Informationstechnik-Verordnung (BITV 2.0) barrierefrei zug\u00e4nglich zu machen. Erstellung dieser &hellip; <a href=\"https:\/\/blbt.file2.wcms.tu-dresden.de\/bme2o\/erklaerung-zur-barrierefreiheit\/\" class=\"more-link\"><span class=\"screen-reader-text\">\u201eErkl\u00e4rung zur Barrierefreiheit\u201c<\/span> weiterlesen<\/a><\/p>\n","protected":false},"author":1,"featured_media":0,"parent":0,"menu_order":0,"comment_status":"closed","ping_status":"closed","template":"","meta":{"footnotes":""},"class_list":["post-1409","page","type-page","status-publish","hentry"],"aioseo_notices":[],"_links":{"self":[{"href":"https:\/\/blbt.file2.wcms.tu-dresden.de\/bme2o\/wp-json\/wp\/v2\/pages\/1409","targetHints":{"allow":["GET"]}}],"collection":[{"href":"https:\/\/blbt.file2.wcms.tu-dresden.de\/bme2o\/wp-json\/wp\/v2\/pages"}],"about":[{"href":"https:\/\/blbt.file2.wcms.tu-dresden.de\/bme2o\/wp-json\/wp\/v2\/types\/page"}],"author":[{"embeddable":true,"href":"https:\/\/blbt.file2.wcms.tu-dresden.de\/bme2o\/wp-json\/wp\/v2\/users\/1"}],"replies":[{"embeddable":true,"href":"https:\/\/blbt.file2.wcms.tu-dresden.de\/bme2o\/wp-json\/wp\/v2\/comments?post=1409"}],"version-history":[{"count":3,"href":"https:\/\/blbt.file2.wcms.tu-dresden.de\/bme2o\/wp-json\/wp\/v2\/pages\/1409\/revisions"}],"predecessor-version":[{"id":1423,"href":"https:\/\/blbt.file2.wcms.tu-dresden.de\/bme2o\/wp-json\/wp\/v2\/pages\/1409\/revisions\/1423"}],"wp:attachment":[{"href":"https:\/\/blbt.file2.wcms.tu-dresden.de\/bme2o\/wp-json\/wp\/v2\/media?parent=1409"}],"curies":[{"name":"wp","href":"https:\/\/api.w.org\/{rel}","templated":true}]}}