{"id":171,"date":"2016-09-09T19:18:30","date_gmt":"2016-09-09T17:18:30","guid":{"rendered":"https:\/\/blbt.file2.wcms.tu-dresden.de\/bme2o\/?page_id=171"},"modified":"2016-09-12T09:42:01","modified_gmt":"2016-09-12T07:42:01","slug":"lernsoftware","status":"publish","type":"page","link":"https:\/\/blbt.file2.wcms.tu-dresden.de\/bme2o\/bme2o\/theragnosos\/lernsoftware\/","title":{"rendered":"Lernsoftware"},"content":{"rendered":"<p><img loading=\"lazy\" decoding=\"async\" class=\"projekt_logo alignright wp-image-293 size-full\" src=\"https:\/\/blbt.file2.wcms.tu-dresden.de\/bme2o\/wp-content\/uploads\/2016\/09\/theragnosos_logo_252x62.png\" alt=\"theragnosos_logo\" width=\"252\" height=\"62\" srcset=\"https:\/\/blbt.file2.wcms.tu-dresden.de\/bme2o\/wp-content\/uploads\/2016\/09\/theragnosos_logo_252x62.png 252w, https:\/\/blbt.file2.wcms.tu-dresden.de\/bme2o\/wp-content\/uploads\/2016\/09\/theragnosos_logo_252x62-150x37.png 150w\" sizes=\"auto, (max-width: 252px) 85vw, 252px\" \/><\/p>\n<p>An der TU Dresden wird gemeinsam mit Partnern aus Leipzig, Zwickau und Bautzen die elektronische Lernsoftware &#8222;TheraGnosos&#8220; entwickelt, die baukastenartig Module zu Bildgebung, EKG und Herzschritt\u00admacher\u00adtechnik, Beatmung, aber auch Biosensorik, Nanotechnologie, Qualit\u00e4tssicherung und zur medizinischen Terminologie vereint. Mittels eLearning und Pr\u00e4senzphasen mit Praktikum und Konsultationen an der jeweiligen Hochschule lassen sich zuk\u00fcnftig Blended-Learning-Zertifikatskurse belegen.<br \/>\n(Die einzelnen Module von TheraGnosos befinden sich in verschiedenen Entwicklungsstadien, weshalb in der Online-Version teilweise noch keine Inhalte vorhanden sind.)<\/p>\n","protected":false},"excerpt":{"rendered":"<p>An der TU Dresden wird gemeinsam mit Partnern aus Leipzig, Zwickau und Bautzen die elektronische Lernsoftware &#8222;TheraGnosos&#8220; entwickelt, die baukastenartig Module zu Bildgebung, EKG und Herzschritt\u00admacher\u00adtechnik, Beatmung, aber auch Biosensorik, Nanotechnologie, Qualit\u00e4tssicherung und zur medizinischen Terminologie vereint. Mittels eLearning und Pr\u00e4senzphasen mit Praktikum und Konsultationen an der jeweiligen Hochschule lassen sich zuk\u00fcnftig Blended-Learning-Zertifikatskurse belegen. (Die &hellip; <a href=\"https:\/\/blbt.file2.wcms.tu-dresden.de\/bme2o\/bme2o\/theragnosos\/lernsoftware\/\" class=\"more-link\"><span class=\"screen-reader-text\">\u201eLernsoftware\u201c<\/span> weiterlesen<\/a><\/p>\n","protected":false},"author":1,"featured_media":172,"parent":125,"menu_order":1,"comment_status":"closed","ping_status":"closed","template":"","meta":{"footnotes":""},"class_list":["post-171","page","type-page","status-publish","has-post-thumbnail","hentry"],"aioseo_notices":[],"_links":{"self":[{"href":"https:\/\/blbt.file2.wcms.tu-dresden.de\/bme2o\/wp-json\/wp\/v2\/pages\/171","targetHints":{"allow":["GET"]}}],"collection":[{"href":"https:\/\/blbt.file2.wcms.tu-dresden.de\/bme2o\/wp-json\/wp\/v2\/pages"}],"about":[{"href":"https:\/\/blbt.file2.wcms.tu-dresden.de\/bme2o\/wp-json\/wp\/v2\/types\/page"}],"author":[{"embeddable":true,"href":"https:\/\/blbt.file2.wcms.tu-dresden.de\/bme2o\/wp-json\/wp\/v2\/users\/1"}],"replies":[{"embeddable":true,"href":"https:\/\/blbt.file2.wcms.tu-dresden.de\/bme2o\/wp-json\/wp\/v2\/comments?post=171"}],"version-history":[{"count":3,"href":"https:\/\/blbt.file2.wcms.tu-dresden.de\/bme2o\/wp-json\/wp\/v2\/pages\/171\/revisions"}],"predecessor-version":[{"id":299,"href":"https:\/\/blbt.file2.wcms.tu-dresden.de\/bme2o\/wp-json\/wp\/v2\/pages\/171\/revisions\/299"}],"up":[{"embeddable":true,"href":"https:\/\/blbt.file2.wcms.tu-dresden.de\/bme2o\/wp-json\/wp\/v2\/pages\/125"}],"wp:featuredmedia":[{"embeddable":true,"href":"https:\/\/blbt.file2.wcms.tu-dresden.de\/bme2o\/wp-json\/wp\/v2\/media\/172"}],"wp:attachment":[{"href":"https:\/\/blbt.file2.wcms.tu-dresden.de\/bme2o\/wp-json\/wp\/v2\/media?parent=171"}],"curies":[{"name":"wp","href":"https:\/\/api.w.org\/{rel}","templated":true}]}}