{"id":193,"date":"2016-09-09T19:39:39","date_gmt":"2016-09-09T17:39:39","guid":{"rendered":"https:\/\/blbt.file2.wcms.tu-dresden.de\/bme2o\/?page_id=193"},"modified":"2016-09-12T09:42:55","modified_gmt":"2016-09-12T07:42:55","slug":"systemanforderungen","status":"publish","type":"page","link":"https:\/\/blbt.file2.wcms.tu-dresden.de\/bme2o\/bme2o\/theragnosos\/lernsoftware\/systemanforderungen\/","title":{"rendered":"Systemanforderungen"},"content":{"rendered":"<p><img loading=\"lazy\" decoding=\"async\" class=\"projekt_logo alignright wp-image-293 size-full\" src=\"https:\/\/blbt.file2.wcms.tu-dresden.de\/bme2o\/wp-content\/uploads\/2016\/09\/theragnosos_logo_252x62.png\" alt=\"theragnosos_logo\" width=\"252\" height=\"62\" srcset=\"https:\/\/blbt.file2.wcms.tu-dresden.de\/bme2o\/wp-content\/uploads\/2016\/09\/theragnosos_logo_252x62.png 252w, https:\/\/blbt.file2.wcms.tu-dresden.de\/bme2o\/wp-content\/uploads\/2016\/09\/theragnosos_logo_252x62-150x37.png 150w\" sizes=\"auto, (max-width: 252px) 85vw, 252px\" \/><\/p>\n<p>TheraGnosos ist eine reine Browseranwendung. Daher ben\u00f6tigen Sie nur einen aktuellen Browser.<\/p>\n<ul>\n<li>aktueller Browser\n<ul>\n<li>TheraGnosos ist f\u00fcr <a href=\"http:\/\/www.mozilla.org\/de\/firefox\/new\/\" target=\"_blank\">Mozilla Firefox<\/a> optimiert.<\/li>\n<li>Die auftretenden Grafikfehler beim Internet-Explorer sind bekannt und werden zu gegebener Zeit behoben. Die Lernsoftware funktioniert im Internet-Explorer erst ab der Version 9.<\/li>\n<\/ul>\n<\/li>\n<li>JavaScript\n<ul>\n<li>Die Lernsoftware funktioniert nur mit aktiviertem JavaScript. (JavaScript k\u00f6nnen Sie \u00fcber die Einstellungen Ihres Browsers aktivieren.)<\/li>\n<\/ul>\n<\/li>\n<li>Flash Player\n<ul>\n<li>Zum Abspielen des Demovideos wird der <a href=\"http:\/\/get.adobe.com\/de\/flashplayer\/\" target=\"_blank\">Flash Player<\/a> ben\u00f6tigt.<\/li>\n<li>Wenn kein html5-f\u00e4higer Browser zur Verf\u00fcgung steht, wird f\u00fcr das Abspielen von Audiodateien ebenfalls der Flash Player ben\u00f6tigt.<\/li>\n<\/ul>\n<\/li>\n<li>PDF-Reader\n<ul>\n<li>Es stehen verschiedene Dokumente zum Download zur Verf\u00fcgung.<\/li>\n<li>Zum Betrachten wird ein PDF-Reader (z.\u2009B. <a href=\"http:\/\/www.adobe.com\/de\/products\/reader.html?PID=5232140\" target=\"_blank\">Adobe Reader<\/a>) ben\u00f6tigt.<\/li>\n<\/ul>\n<\/li>\n<li>Cookies\n<ul>\n<li>F\u00fcr die Anmeldung in der Online-Version der Lernsoftware m\u00fcssen Cookies erlaubt sein.<br \/>\n(Es sind die Drittanbieter-Cookies von blbt.file2.wcms.tu-dresden.de erforderlich. Diese k\u00f6nnen Sie in den Einstellungen Ihres Browsers unter Datenschutz erlauben.)<\/li>\n<\/ul>\n<\/li>\n<\/ul>\n","protected":false},"excerpt":{"rendered":"<p>TheraGnosos ist eine reine Browseranwendung. Daher ben\u00f6tigen Sie nur einen aktuellen Browser. aktueller Browser TheraGnosos ist f\u00fcr Mozilla Firefox optimiert. Die auftretenden Grafikfehler beim Internet-Explorer sind bekannt und werden zu gegebener Zeit behoben. Die Lernsoftware funktioniert im Internet-Explorer erst ab der Version 9. JavaScript Die Lernsoftware funktioniert nur mit aktiviertem JavaScript. (JavaScript k\u00f6nnen Sie \u00fcber &hellip; <a href=\"https:\/\/blbt.file2.wcms.tu-dresden.de\/bme2o\/bme2o\/theragnosos\/lernsoftware\/systemanforderungen\/\" class=\"more-link\"><span class=\"screen-reader-text\">\u201eSystemanforderungen\u201c<\/span> weiterlesen<\/a><\/p>\n","protected":false},"author":1,"featured_media":0,"parent":171,"menu_order":2,"comment_status":"closed","ping_status":"closed","template":"","meta":{"footnotes":""},"class_list":["post-193","page","type-page","status-publish","hentry"],"aioseo_notices":[],"_links":{"self":[{"href":"https:\/\/blbt.file2.wcms.tu-dresden.de\/bme2o\/wp-json\/wp\/v2\/pages\/193","targetHints":{"allow":["GET"]}}],"collection":[{"href":"https:\/\/blbt.file2.wcms.tu-dresden.de\/bme2o\/wp-json\/wp\/v2\/pages"}],"about":[{"href":"https:\/\/blbt.file2.wcms.tu-dresden.de\/bme2o\/wp-json\/wp\/v2\/types\/page"}],"author":[{"embeddable":true,"href":"https:\/\/blbt.file2.wcms.tu-dresden.de\/bme2o\/wp-json\/wp\/v2\/users\/1"}],"replies":[{"embeddable":true,"href":"https:\/\/blbt.file2.wcms.tu-dresden.de\/bme2o\/wp-json\/wp\/v2\/comments?post=193"}],"version-history":[{"count":3,"href":"https:\/\/blbt.file2.wcms.tu-dresden.de\/bme2o\/wp-json\/wp\/v2\/pages\/193\/revisions"}],"predecessor-version":[{"id":302,"href":"https:\/\/blbt.file2.wcms.tu-dresden.de\/bme2o\/wp-json\/wp\/v2\/pages\/193\/revisions\/302"}],"up":[{"embeddable":true,"href":"https:\/\/blbt.file2.wcms.tu-dresden.de\/bme2o\/wp-json\/wp\/v2\/pages\/171"}],"wp:attachment":[{"href":"https:\/\/blbt.file2.wcms.tu-dresden.de\/bme2o\/wp-json\/wp\/v2\/media?parent=193"}],"curies":[{"name":"wp","href":"https:\/\/api.w.org\/{rel}","templated":true}]}}