{"id":196,"date":"2016-09-09T19:42:58","date_gmt":"2016-09-09T17:42:58","guid":{"rendered":"https:\/\/blbt.file2.wcms.tu-dresden.de\/bme2o\/?page_id=196"},"modified":"2016-09-12T09:43:13","modified_gmt":"2016-09-12T07:43:13","slug":"testversion","status":"publish","type":"page","link":"https:\/\/blbt.file2.wcms.tu-dresden.de\/bme2o\/bme2o\/theragnosos\/lernsoftware\/testversion\/","title":{"rendered":"Testversion"},"content":{"rendered":"<p><img loading=\"lazy\" decoding=\"async\" class=\"projekt_logo alignright wp-image-293 size-full\" src=\"https:\/\/blbt.file2.wcms.tu-dresden.de\/bme2o\/wp-content\/uploads\/2016\/09\/theragnosos_logo_252x62.png\" alt=\"theragnosos_logo\" width=\"252\" height=\"62\" srcset=\"https:\/\/blbt.file2.wcms.tu-dresden.de\/bme2o\/wp-content\/uploads\/2016\/09\/theragnosos_logo_252x62.png 252w, https:\/\/blbt.file2.wcms.tu-dresden.de\/bme2o\/wp-content\/uploads\/2016\/09\/theragnosos_logo_252x62-150x37.png 150w\" sizes=\"auto, (max-width: 252px) 85vw, 252px\" \/><\/p>\n<div>\n<figure id=\"attachment_206\" aria-describedby=\"caption-attachment-206\" style=\"width: 300px\" class=\"wp-caption alignleft\"><a href=\"https:\/\/blbt.file2.wcms.tu-dresden.de\/bme2o\/wp-content\/uploads\/2016\/09\/screenshot_laby_1.png\" target=\"_blank\"><img loading=\"lazy\" decoding=\"async\" class=\"wp-image-206 size-medium\" src=\"https:\/\/blbt.file2.wcms.tu-dresden.de\/bme2o\/wp-content\/uploads\/2016\/09\/screenshot_laby_1-300x221.png\" alt=\"screenshot_laby_1\" width=\"300\" height=\"221\" srcset=\"https:\/\/blbt.file2.wcms.tu-dresden.de\/bme2o\/wp-content\/uploads\/2016\/09\/screenshot_laby_1-300x221.png 300w, https:\/\/blbt.file2.wcms.tu-dresden.de\/bme2o\/wp-content\/uploads\/2016\/09\/screenshot_laby_1-150x110.png 150w, https:\/\/blbt.file2.wcms.tu-dresden.de\/bme2o\/wp-content\/uploads\/2016\/09\/screenshot_laby_1-768x564.png 768w, https:\/\/blbt.file2.wcms.tu-dresden.de\/bme2o\/wp-content\/uploads\/2016\/09\/screenshot_laby_1.png 1000w\" sizes=\"auto, (max-width: 300px) 85vw, 300px\" \/><\/a><figcaption id=\"caption-attachment-206\" class=\"wp-caption-text\">Klicken sie auf die Bilder, um sie zu vergr\u00f6\u00dfern.<\/figcaption><\/figure>\n<p><a href=\"https:\/\/blbt.file2.wcms.tu-dresden.de\/bme2o\/wp-content\/uploads\/2016\/09\/screenshot_laby_2.png\" target=\"_blank\"><img loading=\"lazy\" decoding=\"async\" class=\"wp-image-207 size-medium alignright\" src=\"https:\/\/blbt.file2.wcms.tu-dresden.de\/bme2o\/wp-content\/uploads\/2016\/09\/screenshot_laby_2-300x221.png\" alt=\"screenshot_laby_2\" width=\"300\" height=\"221\" srcset=\"https:\/\/blbt.file2.wcms.tu-dresden.de\/bme2o\/wp-content\/uploads\/2016\/09\/screenshot_laby_2-300x221.png 300w, https:\/\/blbt.file2.wcms.tu-dresden.de\/bme2o\/wp-content\/uploads\/2016\/09\/screenshot_laby_2-150x110.png 150w, https:\/\/blbt.file2.wcms.tu-dresden.de\/bme2o\/wp-content\/uploads\/2016\/09\/screenshot_laby_2-768x564.png 768w, https:\/\/blbt.file2.wcms.tu-dresden.de\/bme2o\/wp-content\/uploads\/2016\/09\/screenshot_laby_2.png 1000w\" sizes=\"auto, (max-width: 300px) 85vw, 300px\" \/><\/a><\/p>\n<\/div>\n<div style=\"clear: both;\">Sie k\u00f6nnen einen Teil der Lernsoftware TheraGnosos am Beispiel des Moduls &#8222;Labyrinthos &#8211; Medizinische Terminologie f\u00fcr Biomedizintechniker&#8220; frei zug\u00e4nglich testen: <a href=\"http:\/\/blbt.file2.wcms.tu-dresden.de\/demo\/\" target=\"_BLANK\">Demo<\/a>.Die Funktionalit\u00e4t ist ebenfalls in einem <a href=\"http:\/\/blbt.file2.wcms.tu-dresden.de\/data\/BME_Demo_aktuell.swf\" target=\"_BLANK\">Flash-Video<\/a> (ca. 28 MB) erl\u00e4utert.<\/p>\n<p>Um die Module ausprobieren zu k\u00f6nnen, bekommen Sie bei Anmeldung einen kostenlosen, zweiw\u00f6chigen Testzugang.<\/p>\n<\/div>\n","protected":false},"excerpt":{"rendered":"<p>Sie k\u00f6nnen einen Teil der Lernsoftware TheraGnosos am Beispiel des Moduls &#8222;Labyrinthos &#8211; Medizinische Terminologie f\u00fcr Biomedizintechniker&#8220; frei zug\u00e4nglich testen: Demo.Die Funktionalit\u00e4t ist ebenfalls in einem Flash-Video (ca. 28 MB) erl\u00e4utert. Um die Module ausprobieren zu k\u00f6nnen, bekommen Sie bei Anmeldung einen kostenlosen, zweiw\u00f6chigen Testzugang.<\/p>\n","protected":false},"author":1,"featured_media":0,"parent":171,"menu_order":3,"comment_status":"closed","ping_status":"closed","template":"","meta":{"footnotes":""},"class_list":["post-196","page","type-page","status-publish","hentry"],"aioseo_notices":[],"_links":{"self":[{"href":"https:\/\/blbt.file2.wcms.tu-dresden.de\/bme2o\/wp-json\/wp\/v2\/pages\/196","targetHints":{"allow":["GET"]}}],"collection":[{"href":"https:\/\/blbt.file2.wcms.tu-dresden.de\/bme2o\/wp-json\/wp\/v2\/pages"}],"about":[{"href":"https:\/\/blbt.file2.wcms.tu-dresden.de\/bme2o\/wp-json\/wp\/v2\/types\/page"}],"author":[{"embeddable":true,"href":"https:\/\/blbt.file2.wcms.tu-dresden.de\/bme2o\/wp-json\/wp\/v2\/users\/1"}],"replies":[{"embeddable":true,"href":"https:\/\/blbt.file2.wcms.tu-dresden.de\/bme2o\/wp-json\/wp\/v2\/comments?post=196"}],"version-history":[{"count":11,"href":"https:\/\/blbt.file2.wcms.tu-dresden.de\/bme2o\/wp-json\/wp\/v2\/pages\/196\/revisions"}],"predecessor-version":[{"id":303,"href":"https:\/\/blbt.file2.wcms.tu-dresden.de\/bme2o\/wp-json\/wp\/v2\/pages\/196\/revisions\/303"}],"up":[{"embeddable":true,"href":"https:\/\/blbt.file2.wcms.tu-dresden.de\/bme2o\/wp-json\/wp\/v2\/pages\/171"}],"wp:attachment":[{"href":"https:\/\/blbt.file2.wcms.tu-dresden.de\/bme2o\/wp-json\/wp\/v2\/media?parent=196"}],"curies":[{"name":"wp","href":"https:\/\/api.w.org\/{rel}","templated":true}]}}