{"id":212,"date":"2016-09-09T19:56:58","date_gmt":"2016-09-09T17:56:58","guid":{"rendered":"https:\/\/blbt.file2.wcms.tu-dresden.de\/bme2o\/?page_id=212"},"modified":"2025-02-27T19:40:36","modified_gmt":"2025-02-27T18:40:36","slug":"preise-und-lizenzen","status":"publish","type":"page","link":"https:\/\/blbt.file2.wcms.tu-dresden.de\/bme2o\/bme2o\/theragnosos\/lernsoftware\/preise-und-lizenzen\/","title":{"rendered":"Preise und Lizenzen"},"content":{"rendered":"<p><img loading=\"lazy\" decoding=\"async\" class=\"projekt_logo2 alignright wp-image-293 size-full\" src=\"https:\/\/blbt.file2.wcms.tu-dresden.de\/bme2o\/wp-content\/uploads\/2016\/09\/theragnosos_logo_252x62.png\" alt=\"theragnosos_logo\" width=\"252\" height=\"62\" srcset=\"https:\/\/blbt.file2.wcms.tu-dresden.de\/bme2o\/wp-content\/uploads\/2016\/09\/theragnosos_logo_252x62.png 252w, https:\/\/blbt.file2.wcms.tu-dresden.de\/bme2o\/wp-content\/uploads\/2016\/09\/theragnosos_logo_252x62-150x37.png 150w\" sizes=\"auto, (max-width: 252px) 85vw, 252px\" \/><\/p>\n<p><strong><span style=\"\">Lehrbuch Band 3 oder Zugang zu eLearning-Software \u201eLabyrinthos &#8211; Terminologie f\u00fcr die Biomedizinische Technik\u201c kaufen:<\/span><\/strong><\/p>\n<p><strong><span style=\"text-decoration: underline;\">Angebotsanforderung<br \/>\nf\u00fcr Buch und\/oder Lernsoftware Theragnosos<\/span><\/strong><\/p>\n<p>Die Lehrbuchreihe wird ehrenamtlich von den Autoren erzeugt, aber Lektorat, Grafikerstellung, Satz,, Druck und Management m\u00fcssen bezahlt werden. \u00dcber den Verkauf  der gedruckten Exemplare werden die Freiexemplare f\u00fcr die Autoren finanziert. Alle anderen Arbeiten leben von Sponsoring.<br \/>\n<a href=\"http:\/\/gwtonline.de\"><img loading=\"lazy\" decoding=\"async\" class=\"alignright wp-image-961\" src=\"https:\/\/blbt.file2.wcms.tu-dresden.de\/bme2o\/wp-content\/uploads\/2025\/02\/logo_gwt_neu.png\" alt=\"GWT-TUD GmbH\" width=\"129\" height=\"43\" style=\"float:right;\" \/><\/a><br \/>\nPflege, Vertrieb und Erweiterung<\/p>\n<p>der Lernsoftware erfolgen \u00fcber die Gesellschaft f\u00fcr Wissenstransfer GWT-TUD GmbH der TU Dresden. Mit dem Unkostenbeitrag werden die inhaltliche Erweiterung auf Inhalte der Lehrbuchreihe Biomedizinische Technik, die weitere Nutzung und eine fachliche Aktualisierung der Software gew\u00e4hrleistet.<\/p>\n<p>F\u00fcllen Sie das Formular aus und klicken Sie auf den &#8222;Abschicken&#8220;-Button. Sie erhalten anschlie\u00dfend von uns ein genaues Preisangebot, welches Sie f\u00fcr einen Kauf nur noch best\u00e4tigen m\u00fcssen. (Als Adresse geben Sie bitte die Lieferadresse an. Eine abweichende Rechnungsadresse k\u00f6nnen Sie im Kommentarfeld eintragen.) Bitte f\u00fcgen Sie den ggf. n\u00f6tigen Nachweis (Studentenausweis) als Bilddatei mithilfe des &#8222;Durchsuchen&#8220;-Buttons an, damit wir Ihrer Anfrage schnell nachkommen k\u00f6nnen.<\/p>\n<table>\n<tbody>\n<tr>\n<td bgcolor=\"#CCC\">Lehrbuch Band 3 \/ Modulpakete Lernsoftware<\/td>\n<p><!--\n\n\n<td style=\"width: 15%;\" bgcolor=\"#CCC\">Studenten der TU Dresden<\/td>\n\n\n--><\/p>\n<td style=\"width: 15%;\" bgcolor=\"#CCC\">Studenten<\/td>\n<td style=\"width: 15%;\" bgcolor=\"#CCC\">Privat\u00adpersonen \/ Firmen<\/td>\n<\/tr>\n<tr>\n<td bgcolor=\"#E9E9E9\"><strong><span class=\"ueberschriftpreistabelle\"><span style=\"color: #ff0000;\">Lehrbuchreihe \u201eBiomedizinische Technik\u201c<\/span><\/span><\/strong><br \/>\nBand 3: \u201eBiomaterialien, medizinische Implantate, Tissue Engineering\u201c<\/td>\n<p><!--\n\n\n<td style=\"text-align: center;\">20 \u20ac **<\/td>\n\n\n--><\/p>\n<td style=\"text-align: center;\" colspan=2>79 \u20ac ** (Buchpreisbindung)<\/td>\n<p><!--\n\n\n<td style=\"text-align: center;\">30 \u20ac **<\/td>\n\n\n--><\/tr>\n<tr>\n<td bgcolor=\"#E9E9E9\"><strong><span style=\"color: #ff0000;\">Software-Lizenz<\/span> (1 Jahr) <span class=\"ueberschriftpreistabelle\">Modul\u00a0 <span style=\"color: #ff0000;\">Labyrinthos &#8211; Med. Terminologie<\/span><\/span><\/strong><img loading=\"lazy\" decoding=\"async\" class=\"size-full wp-image-968 alignright\" src=\"https:\/\/blbt.file2.wcms.tu-dresden.de\/bme2o\/wp-content\/uploads\/2019\/09\/labyrinthos2.png\" alt=\"\" width=\"78\" height=\"78\" \/> (kostenloses Update mit Funktionserweiterung \u00fcber die komplette Laufzeit der Lizenz)<\/td>\n<p><!--\n\n\n<td style=\"text-align: center;\">12 \u20ac Online 20\u00a0\u20ac Offline<\/td>\n\n\n--><\/p>\n<td style=\"text-align: center;\">40 \u20ac<\/td>\n<td style=\"text-align: center;\">65 \u20ac<\/td>\n<\/tr>\n<tr>\n<td bgcolor=\"#E9E9E9\"><strong><span style=\"color: #ff0000;\">Software-Lizenz<\/span> (unbegrenzt) <\/strong><strong><span class=\"ueberschriftpreistabelle\">Modul\u00a0 <span style=\"color: #ff0000;\">Labyrinthos &#8211; Med. Terminologie <img loading=\"lazy\" decoding=\"async\" class=\"size-full wp-image-968 alignright\" src=\"https:\/\/blbt.file2.wcms.tu-dresden.de\/bme2o\/wp-content\/uploads\/2019\/09\/labyrinthos2.png\" alt=\"\" width=\"78\" height=\"78\" \/><br \/>\n<\/span><\/span><\/strong> (kostenloses Update mit Funktionserweiterung bis zu 1 Jahr nach Erwerb der Lizenz)<\/td>\n<p><!--\n\n\n<td style=\"text-align: center;\">100 \u20ac<\/td>\n\n\n--><\/p>\n<td style=\"text-align: center;\">150 \u20ac<\/td>\n<td style=\"text-align: center;\">250 \u20ac<\/td>\n<\/tr>\n<tr>\n<td bgcolor=\"#E9E9E9\"><strong>Durchf\u00fchrung der <span style=\"color: #ff0000;\">Pr\u00e4senzveranstaltung<\/span> zum <span class=\"ueberschriftpreistabelle\">Modul\u00a0 <span style=\"color: #ff0000;\">Labyrinthos &#8211; Medizinische Terminologie<\/span> f\u00fcr die Biomedizinische Technik<br \/>\n<\/span><\/strong><img loading=\"lazy\" decoding=\"async\" class=\"size-full wp-image-968 alignright\" src=\"https:\/\/blbt.file2.wcms.tu-dresden.de\/bme2o\/wp-content\/uploads\/2019\/09\/labyrinthos2.png\" alt=\"\" width=\"78\" height=\"78\" \/> Die Pr\u00e4senzveranstaltung wird regul\u00e4r an der TU Dresden angeboten. Um den Pr\u00e4senzkurs bei Ihnen durchzuf\u00fchren, erfragen Sie bitte einen Preis.<\/td>\n<p><!--\n\n\n<td style=\"text-align: center;\">-<\/td>\n\n\n--><\/p>\n<td style=\"text-align: center;\">*<\/td>\n<td style=\"text-align: center;\">*<\/td>\n<\/tr>\n<tr>\n<td bgcolor=\"#E9E9E9\"><strong><span style=\"color: #ff0000;\">Zertifikat<\/span>serstellung <span class=\"ueberschriftpreistabelle\">Modul\u00a0 Labyrinthos &#8211; Med. Terminologie<\/span><\/strong> Der Kurs kann mit einer Pr\u00fcfung mit Zertifikat abgeschlossen werden.<\/td>\n<p><!--\n\n\n<td style=\"text-align: center;\">-<\/td>\n\n\n--><\/p>\n<td style=\"text-align: center;\">50 \u20ac<\/td>\n<td style=\"text-align: center;\">150 \u20ac<\/td>\n<\/tr>\n<tr>\n<td bgcolor=\"#E9E9E9\"><strong><span style=\"color: #ff0000;\">Arbeitsmaterial Pr\u00e4senz<\/span> <span class=\"ueberschriftpreistabelle\">Modul\u00a0 <span style=\"color: #ff0000;\">Labyrinthos &#8211; Med. Terminologie<\/span><\/span><\/strong><img loading=\"lazy\" decoding=\"async\" class=\"size-full wp-image-968 alignright\" src=\"https:\/\/blbt.file2.wcms.tu-dresden.de\/bme2o\/wp-content\/uploads\/2019\/09\/labyrinthos2.png\" alt=\"\" width=\"78\" height=\"78\" \/> Arbeitsmaterial f\u00fcr Pr\u00e4senzveranstaltungen (Inhalt: Theorieteil und \u00dcbungsaufgaben zum Selbstausf\u00fcllen) (Druckversion der Lehrunterlagen, gebunden, A5, farbig, ca. 95 Seiten, ca.\u00a0 60 Abb. und Tabellen)<\/td>\n<p><!--\n\n\n<td style=\"text-align: center;\">12 \u20ac **<\/td>\n\n\n--><\/p>\n<td style=\"text-align: center;\">20 \u20ac **<\/td>\n<td style=\"text-align: center;\">30 \u20ac **<\/td>\n<\/tr>\n<tr>\n<td bgcolor=\"#E9E9E9\"><strong><span class=\"ueberschriftpreistabelle\"><span style=\"color: #ff0000;\">Lehrmaterial Selbststudium<\/span> Modul\u00a0 <span style=\"color: #ff0000;\">Labyrinthos &#8211; Med. Terminologie<\/span><\/span><\/strong><img loading=\"lazy\" decoding=\"async\" class=\"size-full wp-image-968 alignright\" src=\"https:\/\/blbt.file2.wcms.tu-dresden.de\/bme2o\/wp-content\/uploads\/2019\/09\/labyrinthos2.png\" alt=\"\" width=\"78\" height=\"78\" \/> Lehrmaterial f\u00fcr die Arbeit mit der Lernsoftware (Inhalt: Theorieteil und vollst\u00e4ndig ausgef\u00fclltes Tabellenwerk zum Nachschlagen)(Druckversion der Lehrunterlagen, gebunden, A5, farbig, ca. 95 Seiten, ca. 60 Abb. und Tabellen)<\/td>\n<p><!--\n\n\n<td style=\"text-align: center;\">20 \u20ac **<\/td>\n\n\n--><\/p>\n<td style=\"text-align: center;\">20 \u20ac **<\/td>\n<td style=\"text-align: center;\">30 \u20ac **<\/td>\n<\/tr>\n<\/tbody>\n<\/table>\n<p><!--<span style=\"color: #ff0000;\">Neu ab 11\/2019:<\/span>--><br \/>\n<!--\n\n\n<table>\n\n\n<tbody>\n\n\n<tr>\n\n\n<td bgcolor=\"#E9E9E9\"><strong><span\n\t\t\t\t\tclass=\"ueberschriftpreistabelle\"><span\n\t\t\t\t\t\tstyle=\"color: #ff0000;\">Software<\/span>-Lizenz (unbegrenzt) Modul\n\t\t\t\t<\/span><\/strong><strong><span class=\"ueberschriftpreistabelle\"><span\n\t\t\t\t\t\tstyle=\"color: #ff0000;\">Origos - <\/span><\/span><\/strong><strong><span\n\t\t\t\t\tclass=\"ueberschriftpreistabelle\"><span\n\t\t\t\t\t\tstyle=\"color: #ff0000;\">Biomedizinische Technik <\/span><\/span><\/strong><span\n\t\t\t\tstyle=\"color: #ff0000;\"><strong><span\n\t\t\t\t\t\tclass=\"ueberschriftpreistabelle\">inkl. Lehrmaterial zum\n\t\t\t\t\t\t\tSelbststudium Bio-medizinische Technik<\/span><\/strong><\/span> <img\n\t\t\t\tclass=\"size-full wp-image-966 aligncenter\"\n\t\t\t\tsrc=\"https:\/\/blbt.file2.wcms.tu-dresden.de\/bme2o\/wp-content\/uploads\/2019\/09\/origos2.png\"\n\t\t\t\talt=\"Modul Origos\" width=\"78\" height=\"78\" \/>Lehrmaterial f\u00fcr die\n\t\t\t\tArbeit mit der Lernsoftware (Lehrbuch-reihe Biomedizinische Technik:\n\t\t\t\tThemen BMT-Einf\u00fchrung und \u00dcberblick, Medizinische Bildgebung,\n\t\t\t\tAutomatisierte Therapie-systeme, Rehabilitations-technik,\n\t\t\t\tMedizinische Informatik)<\/td>\n\n\n\n\n<td>Gesamtpaket 380 \u20ac **ausgew\u00e4hlte Themen auf Anfrage *<\/td>\n\n\n\n\n<td>Gesamtpaket 380 \u20ac **ausgew\u00e4hlte Themen auf Anfrage *<\/td>\n\n\n\n\n<td>Gesamtpaket 850 \u20ac **ausgew\u00e4hlte Themen auf Anfrage *<\/td>\n\n\n<\/tr>\n\n\n<\/tbody>\n\n\n<\/table>\n\n\n--><br \/>\nalle Preise inkl. MWSt.<br \/>\n* Preis auf Anfrage ** bei Zusendung ins Ausland zzgl. Porto- und Versandkosten<\/p>\n<hr \/>\n<div>\n<div class=\"wpcf7 no-js\" id=\"wpcf7-f223-o1\" lang=\"de-DE\" dir=\"ltr\">\n<div class=\"screen-reader-response\"><p role=\"status\" aria-live=\"polite\" aria-atomic=\"true\"><\/p> <ul><\/ul><\/div>\n<form action=\"\/bme2o\/wp-json\/wp\/v2\/pages\/212#wpcf7-f223-o1\" method=\"post\" class=\"wpcf7-form init\" aria-label=\"Kontaktformular\" enctype=\"multipart\/form-data\" novalidate=\"novalidate\" data-status=\"init\">\n<div style=\"display: none;\">\n<input type=\"hidden\" name=\"_wpcf7\" value=\"223\" \/>\n<input type=\"hidden\" name=\"_wpcf7_version\" value=\"5.7.7\" \/>\n<input type=\"hidden\" name=\"_wpcf7_locale\" value=\"de_DE\" \/>\n<input type=\"hidden\" name=\"_wpcf7_unit_tag\" value=\"wpcf7-f223-o1\" \/>\n<input type=\"hidden\" name=\"_wpcf7_container_post\" value=\"0\" \/>\n<input type=\"hidden\" name=\"_wpcf7_posted_data_hash\" value=\"\" \/>\n<\/div>\n<h4>Angebotsanforderung f\u00fcr Lernsoftwaremodule&thinsp;\/&thinsp;Lehrbuch Band 3\n<\/h4>\n<p><span class=\"wpcf7-form-control-wrap\" data-name=\"radio-184\"><span class=\"wpcf7-form-control wpcf7-radio\"><span class=\"wpcf7-list-item first\"><input type=\"radio\" name=\"radio-184\" value=\"Student\" checked=\"checked\" \/><span class=\"wpcf7-list-item-label\">Student<\/span><\/span><span class=\"wpcf7-list-item last\"><input type=\"radio\" name=\"radio-184\" value=\"Privatpersonen \/ Firmen\" \/><span class=\"wpcf7-list-item-label\">Privatpersonen \/ Firmen<\/span><\/span><\/span><\/span>\n<\/p>\n<p><span class=\"wpcf7-form-control-wrap\" data-name=\"version\"><span class=\"wpcf7-form-control wpcf7-radio\"><span class=\"wpcf7-list-item first\"><input type=\"radio\" name=\"version\" value=\"Offline-Version\" checked=\"checked\" \/><span class=\"wpcf7-list-item-label\">Offline-Version<\/span><\/span><span class=\"wpcf7-list-item last\"><input type=\"radio\" name=\"version\" value=\"Online-Version\" \/><span class=\"wpcf7-list-item-label\">Online-Version<\/span><\/span><\/span><\/span>\n<\/p>\n<p><label> <b>f\u00fcr folgende Module&thinsp;\/&thinsp;B\u00fccher<\/b> (Pflichtfeld)<\/label><br \/>\n<span class=\"wpcf7-form-control-wrap\" data-name=\"checkbox-530\"><span class=\"wpcf7-form-control wpcf7-checkbox wpcf7-validates-as-required tg_module\"><span class=\"wpcf7-list-item first\"><label><input type=\"checkbox\" name=\"checkbox-530[]\" value=\"Labyrinthos - Medizinische Terminologie\" \/><span class=\"wpcf7-list-item-label\">Labyrinthos - Medizinische Terminologie<\/span><\/label><\/span><span class=\"wpcf7-list-item last\"><label><input type=\"checkbox\" name=\"checkbox-530[]\" value=\"Lehrbuchreihe - Band 3 (Lizenzlaufzeit kann ignoriert werden.)\" \/><span class=\"wpcf7-list-item-label\">Lehrbuchreihe - Band 3 (Lizenzlaufzeit kann ignoriert werden.)<\/span><\/label><\/span><\/span><\/span>\n<\/p>\n<p><label> <b>Lizenzlaufzeit<\/b> (Pflichtfeld) <span class=\"wpcf7-form-control-wrap\" data-name=\"menu-374\"><select class=\"wpcf7-form-control wpcf7-select wpcf7-validates-as-required\" aria-required=\"true\" aria-invalid=\"false\" name=\"menu-374\"><option value=\"1\">1<\/option><option value=\"2\">2<\/option><option value=\"3\">3<\/option><option value=\"4\">4<\/option><option value=\"5\">5<\/option><option value=\"unbegrenzt\">unbegrenzt<\/option><\/select><\/span> Jahr(e)<\/label>\n<\/p>\n<p><label> <b>Anzahl Lizenzen&thinsp;\/&thinsp;Exemplare<\/b> (Pflichtfeld) <span class=\"wpcf7-form-control-wrap\" data-name=\"number-167\"><input class=\"wpcf7-form-control wpcf7-number wpcf7-validates-as-required wpcf7-validates-as-number\" min=\"1\" max=\"1000\" aria-required=\"true\" aria-invalid=\"false\" value=\"1\" type=\"number\" name=\"number-167\" \/><\/span> <\/label>\n<\/p>\n<p><label> <b>zus\u00e4tzliche Pakete<\/b> <\/label><br \/>\n<span class=\"wpcf7-form-control-wrap\" data-name=\"checkbox-469\"><span class=\"wpcf7-form-control wpcf7-checkbox\"><span class=\"wpcf7-list-item first\"><label><input type=\"checkbox\" name=\"checkbox-469[]\" value=\"Zertifikaterstellung\" \/><span class=\"wpcf7-list-item-label\">Zertifikaterstellung<\/span><\/label><\/span><span class=\"wpcf7-list-item\"><label><input type=\"checkbox\" name=\"checkbox-469[]\" value=\"Arbeitsmaterial Pr\u00e4senz\" \/><span class=\"wpcf7-list-item-label\">Arbeitsmaterial Pr\u00e4senz<\/span><\/label><\/span><span class=\"wpcf7-list-item last\"><label><input type=\"checkbox\" name=\"checkbox-469[]\" value=\"Lehrmaterial Selbststudium\" \/><span class=\"wpcf7-list-item-label\">Lehrmaterial Selbststudium<\/span><\/label><\/span><\/span><\/span>\n<\/p>\n<p><label> Titel<br \/>\n<span class=\"wpcf7-form-control-wrap\" data-name=\"your-title\"><input size=\"40\" class=\"wpcf7-form-control wpcf7-text\" aria-invalid=\"false\" value=\"\" type=\"text\" name=\"your-title\" \/><\/span> <\/label>\n<\/p>\n<p><label> Vorname (Pflichtfeld)<br \/>\n<span class=\"wpcf7-form-control-wrap\" data-name=\"your-prename\"><input size=\"40\" class=\"wpcf7-form-control wpcf7-text wpcf7-validates-as-required\" aria-required=\"true\" aria-invalid=\"false\" value=\"\" type=\"text\" name=\"your-prename\" \/><\/span> <\/label>\n<\/p>\n<p><label> Nachname (Pflichtfeld)<br \/>\n<span class=\"wpcf7-form-control-wrap\" data-name=\"your-name\"><input size=\"40\" class=\"wpcf7-form-control wpcf7-text wpcf7-validates-as-required\" aria-required=\"true\" aria-invalid=\"false\" value=\"\" type=\"text\" name=\"your-name\" \/><\/span> <\/label>\n<\/p>\n<p><label> Institution<br \/>\n<span class=\"wpcf7-form-control-wrap\" data-name=\"your-institution\"><input size=\"40\" class=\"wpcf7-form-control wpcf7-text\" aria-invalid=\"false\" value=\"\" type=\"text\" name=\"your-institution\" \/><\/span> <\/label>\n<\/p>\n<p><label> Stra\u00dfe (Pflichtfeld)<br \/>\n<span class=\"wpcf7-form-control-wrap\" data-name=\"street\"><input size=\"40\" class=\"wpcf7-form-control wpcf7-text wpcf7-validates-as-required\" aria-required=\"true\" aria-invalid=\"false\" value=\"\" type=\"text\" name=\"street\" \/><\/span> <\/label>\n<\/p>\n<p><label> Hausnummer (Pflichtfeld)<br \/>\n<span class=\"wpcf7-form-control-wrap\" data-name=\"number\"><input size=\"40\" class=\"wpcf7-form-control wpcf7-text wpcf7-validates-as-required\" aria-required=\"true\" aria-invalid=\"false\" value=\"\" type=\"text\" name=\"number\" \/><\/span> <\/label>\n<\/p>\n<p><label> Postleitzahl (Pflichtfeld)<br \/>\n<span class=\"wpcf7-form-control-wrap\" data-name=\"plz\"><input size=\"40\" class=\"wpcf7-form-control wpcf7-text wpcf7-validates-as-required\" aria-required=\"true\" aria-invalid=\"false\" value=\"\" type=\"text\" name=\"plz\" \/><\/span> <\/label>\n<\/p>\n<p><label> Stadt (Pflichtfeld)<br \/>\n<span class=\"wpcf7-form-control-wrap\" data-name=\"city\"><input size=\"40\" class=\"wpcf7-form-control wpcf7-text wpcf7-validates-as-required\" aria-required=\"true\" aria-invalid=\"false\" value=\"\" type=\"text\" name=\"city\" \/><\/span> <\/label>\n<\/p>\n<p><label> Land (Pflichtfeld)<br \/>\n<span class=\"wpcf7-form-control-wrap\" data-name=\"land\"><input size=\"40\" class=\"wpcf7-form-control wpcf7-text wpcf7-validates-as-required\" aria-required=\"true\" aria-invalid=\"false\" value=\"\" type=\"text\" name=\"land\" \/><\/span> <\/label>\n<\/p>\n<p><label> E-Mail-Adresse (Pflichtfeld)<br \/>\n<span class=\"wpcf7-form-control-wrap\" data-name=\"your-email\"><input size=\"40\" class=\"wpcf7-form-control wpcf7-text wpcf7-email wpcf7-validates-as-required wpcf7-validates-as-email\" aria-required=\"true\" aria-invalid=\"false\" value=\"\" type=\"email\" name=\"your-email\" \/><\/span> <\/label>\n<\/p>\n<p><label> Kommentar<br \/>\n<span class=\"wpcf7-form-control-wrap\" data-name=\"your-message\"><textarea cols=\"40\" rows=\"10\" class=\"wpcf7-form-control wpcf7-textarea\" aria-invalid=\"false\" name=\"your-message\"><\/textarea><\/span> <\/label>\n<\/p>\n<p><label>bei Softwarekauf:<br \/>\nStudentenausweis (max. 1 MB, nur gif, png, jpg, jpeg)<br \/>\n<span class=\"wpcf7-form-control-wrap\" data-name=\"file-130\"><input size=\"40\" class=\"wpcf7-form-control wpcf7-file\" accept=\".gif,.png,.jpg,.jpeg,.pdf\" aria-invalid=\"false\" type=\"file\" name=\"file-130\" \/><\/span> <\/label>\n<\/p>\n<div>\n\t<p>&nbsp;\n\t<\/p>\n<\/div>\n<p><input class=\"wpcf7-form-control has-spinner wpcf7-submit\" type=\"submit\" value=\"Senden\" \/>\n<\/p><div class=\"wpcf7-response-output\" aria-hidden=\"true\"><\/div>\n<\/form>\n<\/div>\n<\/div>\n<p>Bei der Online-Version erfolgt die Nutzung \u00fcber einen Zugang zum Internet von einem beliebigem Endger\u00e4t, der pers\u00f6nliche Arbeitsstand wird auf dem Server der TU Dresden gespeichert. Die Datensicherung erfolgt \u00fcber die TU-Dresden. Bei der Offline-Version kann die Lernsoftware heruntergeladen und auf einem eigenen Rechner installiert werden. Die Speicherung des pers\u00f6nlichen Arbeitsstandes erfolgt lokal, und es erfolgt keine Datensicherung durch die TU Dresden.<\/p>\n","protected":false},"excerpt":{"rendered":"<p>Lehrbuch Band 3 oder Zugang zu eLearning-Software \u201eLabyrinthos &#8211; Terminologie f\u00fcr die Biomedizinische Technik\u201c kaufen: Angebotsanforderung f\u00fcr Buch und\/oder Lernsoftware Theragnosos Die Lehrbuchreihe wird ehrenamtlich von den Autoren erzeugt, aber Lektorat, Grafikerstellung, Satz,, Druck und Management m\u00fcssen bezahlt werden. \u00dcber den Verkauf der gedruckten Exemplare werden die Freiexemplare f\u00fcr die Autoren finanziert. Alle anderen Arbeiten &hellip; <a href=\"https:\/\/blbt.file2.wcms.tu-dresden.de\/bme2o\/bme2o\/theragnosos\/lernsoftware\/preise-und-lizenzen\/\" class=\"more-link\"><span class=\"screen-reader-text\">\u201ePreise und Lizenzen\u201c<\/span> weiterlesen<\/a><\/p>\n","protected":false},"author":1,"featured_media":0,"parent":171,"menu_order":4,"comment_status":"closed","ping_status":"closed","template":"","meta":{"footnotes":""},"class_list":["post-212","page","type-page","status-publish","hentry"],"aioseo_notices":[],"_links":{"self":[{"href":"https:\/\/blbt.file2.wcms.tu-dresden.de\/bme2o\/wp-json\/wp\/v2\/pages\/212","targetHints":{"allow":["GET"]}}],"collection":[{"href":"https:\/\/blbt.file2.wcms.tu-dresden.de\/bme2o\/wp-json\/wp\/v2\/pages"}],"about":[{"href":"https:\/\/blbt.file2.wcms.tu-dresden.de\/bme2o\/wp-json\/wp\/v2\/types\/page"}],"author":[{"embeddable":true,"href":"https:\/\/blbt.file2.wcms.tu-dresden.de\/bme2o\/wp-json\/wp\/v2\/users\/1"}],"replies":[{"embeddable":true,"href":"https:\/\/blbt.file2.wcms.tu-dresden.de\/bme2o\/wp-json\/wp\/v2\/comments?post=212"}],"version-history":[{"count":49,"href":"https:\/\/blbt.file2.wcms.tu-dresden.de\/bme2o\/wp-json\/wp\/v2\/pages\/212\/revisions"}],"predecessor-version":[{"id":3002,"href":"https:\/\/blbt.file2.wcms.tu-dresden.de\/bme2o\/wp-json\/wp\/v2\/pages\/212\/revisions\/3002"}],"up":[{"embeddable":true,"href":"https:\/\/blbt.file2.wcms.tu-dresden.de\/bme2o\/wp-json\/wp\/v2\/pages\/171"}],"wp:attachment":[{"href":"https:\/\/blbt.file2.wcms.tu-dresden.de\/bme2o\/wp-json\/wp\/v2\/media?parent=212"}],"curies":[{"name":"wp","href":"https:\/\/api.w.org\/{rel}","templated":true}]}}