{"id":267,"date":"2016-09-11T16:35:33","date_gmt":"2016-09-11T14:35:33","guid":{"rendered":"https:\/\/blbt.file2.wcms.tu-dresden.de\/bme2o\/?page_id=267"},"modified":"2016-09-12T09:43:35","modified_gmt":"2016-09-12T07:43:35","slug":"bausteine","status":"publish","type":"page","link":"https:\/\/blbt.file2.wcms.tu-dresden.de\/bme2o\/bme2o\/theragnosos\/masterstudiengang\/bausteine\/","title":{"rendered":"Bausteine"},"content":{"rendered":"<p><img loading=\"lazy\" decoding=\"async\" class=\"projekt_logo alignright wp-image-293 size-full\" src=\"https:\/\/blbt.file2.wcms.tu-dresden.de\/bme2o\/wp-content\/uploads\/2016\/09\/theragnosos_logo_252x62.png\" alt=\"theragnosos_logo\" width=\"252\" height=\"62\" srcset=\"https:\/\/blbt.file2.wcms.tu-dresden.de\/bme2o\/wp-content\/uploads\/2016\/09\/theragnosos_logo_252x62.png 252w, https:\/\/blbt.file2.wcms.tu-dresden.de\/bme2o\/wp-content\/uploads\/2016\/09\/theragnosos_logo_252x62-150x37.png 150w\" sizes=\"auto, (max-width: 252px) 85vw, 252px\" \/><\/p>\n<p>Die Bausteine des Masterstudiengangs:<\/p>\n<ul>\n<li>internetbasiertes, interaktives Selbststudium<\/li>\n<li>erg\u00e4nzendes Pr\u00e4senzlernen in Vorlesungen, Konsultationen, Praktika und Projekten<\/li>\n<li>selbstgesteuert durchgef\u00fchrte \u00dcbungen<\/li>\n<li>Training am praktischen Beispiel (Experiment)<\/li>\n<li>Training am Modell (Simulation)<\/li>\n<li>interaktive Leistungs\u00fcberpr\u00fcfung mit sofortiger R\u00fcckmeldung zum Ergebnis<\/li>\n<\/ul>\n","protected":false},"excerpt":{"rendered":"<p>Die Bausteine des Masterstudiengangs: internetbasiertes, interaktives Selbststudium erg\u00e4nzendes Pr\u00e4senzlernen in Vorlesungen, Konsultationen, Praktika und Projekten selbstgesteuert durchgef\u00fchrte \u00dcbungen Training am praktischen Beispiel (Experiment) Training am Modell (Simulation) interaktive Leistungs\u00fcberpr\u00fcfung mit sofortiger R\u00fcckmeldung zum Ergebnis<\/p>\n","protected":false},"author":1,"featured_media":46,"parent":232,"menu_order":1,"comment_status":"closed","ping_status":"closed","template":"","meta":{"footnotes":""},"class_list":["post-267","page","type-page","status-publish","has-post-thumbnail","hentry"],"aioseo_notices":[],"_links":{"self":[{"href":"https:\/\/blbt.file2.wcms.tu-dresden.de\/bme2o\/wp-json\/wp\/v2\/pages\/267","targetHints":{"allow":["GET"]}}],"collection":[{"href":"https:\/\/blbt.file2.wcms.tu-dresden.de\/bme2o\/wp-json\/wp\/v2\/pages"}],"about":[{"href":"https:\/\/blbt.file2.wcms.tu-dresden.de\/bme2o\/wp-json\/wp\/v2\/types\/page"}],"author":[{"embeddable":true,"href":"https:\/\/blbt.file2.wcms.tu-dresden.de\/bme2o\/wp-json\/wp\/v2\/users\/1"}],"replies":[{"embeddable":true,"href":"https:\/\/blbt.file2.wcms.tu-dresden.de\/bme2o\/wp-json\/wp\/v2\/comments?post=267"}],"version-history":[{"count":2,"href":"https:\/\/blbt.file2.wcms.tu-dresden.de\/bme2o\/wp-json\/wp\/v2\/pages\/267\/revisions"}],"predecessor-version":[{"id":307,"href":"https:\/\/blbt.file2.wcms.tu-dresden.de\/bme2o\/wp-json\/wp\/v2\/pages\/267\/revisions\/307"}],"up":[{"embeddable":true,"href":"https:\/\/blbt.file2.wcms.tu-dresden.de\/bme2o\/wp-json\/wp\/v2\/pages\/232"}],"wp:featuredmedia":[{"embeddable":true,"href":"https:\/\/blbt.file2.wcms.tu-dresden.de\/bme2o\/wp-json\/wp\/v2\/media\/46"}],"wp:attachment":[{"href":"https:\/\/blbt.file2.wcms.tu-dresden.de\/bme2o\/wp-json\/wp\/v2\/media?parent=267"}],"curies":[{"name":"wp","href":"https:\/\/api.w.org\/{rel}","templated":true}]}}