{"id":316,"date":"2016-09-12T09:50:51","date_gmt":"2016-09-12T07:50:51","guid":{"rendered":"https:\/\/blbt.file2.wcms.tu-dresden.de\/bme2o\/?page_id=316"},"modified":"2016-12-11T09:25:07","modified_gmt":"2016-12-11T08:25:07","slug":"lernpaket","status":"publish","type":"page","link":"https:\/\/blbt.file2.wcms.tu-dresden.de\/bme2o\/bme2o\/unser-herz\/lernpaket\/","title":{"rendered":"Lernpaket"},"content":{"rendered":"<p><img loading=\"lazy\" decoding=\"async\" class=\"projekt_logo alignright wp-image-314 size-full\" src=\"https:\/\/blbt.file2.wcms.tu-dresden.de\/bme2o\/wp-content\/uploads\/2016\/09\/logo_herz.png\" alt=\"logo_herz\" width=\"211\" height=\"76\" srcset=\"https:\/\/blbt.file2.wcms.tu-dresden.de\/bme2o\/wp-content\/uploads\/2016\/09\/logo_herz.png 211w, https:\/\/blbt.file2.wcms.tu-dresden.de\/bme2o\/wp-content\/uploads\/2016\/09\/logo_herz-150x54.png 150w\" sizes=\"auto, (max-width: 211px) 85vw, 211px\" \/><\/p>\n<p>&#8222;Dein Herz schl\u00e4gt ohne Pause dein ganzes Leben lang! Wie h\u00f6rt es sich an, wenn dein Herz klopft?&#8220; fragt Paul, der Avatar der interaktiven Software f\u00fcr Kindergarten- und Grundschulkinder. Auf spielerische Weise begeistern sich die J\u00fcngsten f\u00fcr das spannende Gebiet der Biomedizinischen Technik (BMT). Beginnend bei der alltagsnahen Darstellung von Aufbau und Funktion des Herzens f\u00fchrt die Software zur Funktion des Kreislaufsystems und anderer lebenswichtiger Organe.<\/p>\n<p><img loading=\"lazy\" decoding=\"async\" class=\"alignright size-full wp-image-345\" src=\"https:\/\/blbt.file2.wcms.tu-dresden.de\/bme2o\/wp-content\/uploads\/2016\/09\/foto_herzkiste.png\" alt=\"foto_herzkiste\" width=\"252\" height=\"188\" srcset=\"https:\/\/blbt.file2.wcms.tu-dresden.de\/bme2o\/wp-content\/uploads\/2016\/09\/foto_herzkiste.png 252w, https:\/\/blbt.file2.wcms.tu-dresden.de\/bme2o\/wp-content\/uploads\/2016\/09\/foto_herzkiste-150x112.png 150w\" sizes=\"auto, (max-width: 252px) 85vw, 252px\" \/><br \/>\n&#8222;Unser Herz in der Kiste&#8220; ist ein interaktives Lernpaket f\u00fcr Kinder im Vor- und Grundschulalter. Schon kleine Kinder finden es interessant, dass man das Herz pochen h\u00f6ren kann, das es beim Rumtoben und Spielen schneller schl\u00e4gt oder sie fragen sich, warum nach einer Verletzung Blut aus einer Wunde flie\u00dft. Von au\u00dfen sieht man nicht, wie das Herz seine Arbeit verrichtet, aber man kann ahnen, dass Blut durch Gef\u00e4\u00dfe flie\u00dft oder den Puls f\u00fchlen. Das Lernpaket soll die Neugier der Kinder wecken, zum Nachfragen ermuntern und damit ihr Vorstellungsverm\u00f6gen und ein erstes Verst\u00e4ndnis dieser Lebensvorg\u00e4nge wecken.<\/p>\n<p><img loading=\"lazy\" decoding=\"async\" class=\"alignright size-full wp-image-347\" src=\"https:\/\/blbt.file2.wcms.tu-dresden.de\/bme2o\/wp-content\/uploads\/2016\/09\/screenshot_herzsoftware.png\" alt=\"screenshot_herzsoftware\" width=\"261\" height=\"189\" srcset=\"https:\/\/blbt.file2.wcms.tu-dresden.de\/bme2o\/wp-content\/uploads\/2016\/09\/screenshot_herzsoftware.png 261w, https:\/\/blbt.file2.wcms.tu-dresden.de\/bme2o\/wp-content\/uploads\/2016\/09\/screenshot_herzsoftware-150x109.png 150w\" sizes=\"auto, (max-width: 261px) 85vw, 261px\" \/><br \/>\nDas Paket selber besteht aus einer interaktiven <a href=\"https:\/\/blbt.file2.wcms.tu-dresden.de\/bme2o\/?page_id=320\">Lernsoftware<\/a>, die abschnittsweise und unter Anleitung eines Erwachsenen auch schon von neugierigen F\u00fcnfj\u00e4hrigen genutzt werden kann. Kleine interaktive \u00dcbungen sind immer wieder integriert, um die Kinder zu motivieren. Au\u00dferdem werden in der Software Experimente vorgeschlagen, die einen Wechsel zwischen Lernzeiten am Computer und Zeiten zum Basteln erm\u00f6glichen.<\/p>\n<p>F\u00fcr Eltern, ErzieherInnen und LehrterInnen liefert ein <a href=\"https:\/\/blbt.file2.wcms.tu-dresden.de\/bme2o\/?page_id=320#handbuch\">Handbuch<\/a> Zusammenfassungen der einzelnen Themen-Kapitel der Lernsoftware und bietet au\u00dferdem Hintergrundinformationen dazu an. Weiterhin werden alle \u00dcbungsaufgaben detailliert erkl\u00e4rt und die notwendigen Materialen beschrieben. Das Lernpaket wird vervollst\u00e4ndigt durch eine <a href=\"https:\/\/blbt.file2.wcms.tu-dresden.de\/bme2o\/?page_id=324\">Bastelkiste<\/a>, in der alle notwendigen Materialen f\u00fcr die vorgeschlagenen Experimente enthalten sind.<\/p>\n<p><img loading=\"lazy\" decoding=\"async\" class=\"aligncenter size-full wp-image-346\" src=\"https:\/\/blbt.file2.wcms.tu-dresden.de\/bme2o\/wp-content\/uploads\/2016\/09\/herz_computer.png\" alt=\"herz_computer\" width=\"650\" height=\"141\" srcset=\"https:\/\/blbt.file2.wcms.tu-dresden.de\/bme2o\/wp-content\/uploads\/2016\/09\/herz_computer.png 650w, https:\/\/blbt.file2.wcms.tu-dresden.de\/bme2o\/wp-content\/uploads\/2016\/09\/herz_computer-150x33.png 150w, https:\/\/blbt.file2.wcms.tu-dresden.de\/bme2o\/wp-content\/uploads\/2016\/09\/herz_computer-300x65.png 300w\" sizes=\"auto, (max-width: 650px) 85vw, 650px\" \/><\/p>\n","protected":false},"excerpt":{"rendered":"<p>&#8222;Dein Herz schl\u00e4gt ohne Pause dein ganzes Leben lang! Wie h\u00f6rt es sich an, wenn dein Herz klopft?&#8220; fragt Paul, der Avatar der interaktiven Software f\u00fcr Kindergarten- und Grundschulkinder. Auf spielerische Weise begeistern sich die J\u00fcngsten f\u00fcr das spannende Gebiet der Biomedizinischen Technik (BMT). Beginnend bei der alltagsnahen Darstellung von Aufbau und Funktion des Herzens &hellip; <a href=\"https:\/\/blbt.file2.wcms.tu-dresden.de\/bme2o\/bme2o\/unser-herz\/lernpaket\/\" class=\"more-link\"><span class=\"screen-reader-text\">\u201eLernpaket\u201c<\/span> weiterlesen<\/a><\/p>\n","protected":false},"author":1,"featured_media":0,"parent":310,"menu_order":0,"comment_status":"closed","ping_status":"closed","template":"","meta":{"footnotes":""},"class_list":["post-316","page","type-page","status-publish","hentry"],"aioseo_notices":[],"_links":{"self":[{"href":"https:\/\/blbt.file2.wcms.tu-dresden.de\/bme2o\/wp-json\/wp\/v2\/pages\/316","targetHints":{"allow":["GET"]}}],"collection":[{"href":"https:\/\/blbt.file2.wcms.tu-dresden.de\/bme2o\/wp-json\/wp\/v2\/pages"}],"about":[{"href":"https:\/\/blbt.file2.wcms.tu-dresden.de\/bme2o\/wp-json\/wp\/v2\/types\/page"}],"author":[{"embeddable":true,"href":"https:\/\/blbt.file2.wcms.tu-dresden.de\/bme2o\/wp-json\/wp\/v2\/users\/1"}],"replies":[{"embeddable":true,"href":"https:\/\/blbt.file2.wcms.tu-dresden.de\/bme2o\/wp-json\/wp\/v2\/comments?post=316"}],"version-history":[{"count":5,"href":"https:\/\/blbt.file2.wcms.tu-dresden.de\/bme2o\/wp-json\/wp\/v2\/pages\/316\/revisions"}],"predecessor-version":[{"id":353,"href":"https:\/\/blbt.file2.wcms.tu-dresden.de\/bme2o\/wp-json\/wp\/v2\/pages\/316\/revisions\/353"}],"up":[{"embeddable":true,"href":"https:\/\/blbt.file2.wcms.tu-dresden.de\/bme2o\/wp-json\/wp\/v2\/pages\/310"}],"wp:attachment":[{"href":"https:\/\/blbt.file2.wcms.tu-dresden.de\/bme2o\/wp-json\/wp\/v2\/media?parent=316"}],"curies":[{"name":"wp","href":"https:\/\/api.w.org\/{rel}","templated":true}]}}