{"id":320,"date":"2016-09-12T09:51:47","date_gmt":"2016-09-12T07:51:47","guid":{"rendered":"https:\/\/blbt.file2.wcms.tu-dresden.de\/bme2o\/?page_id=320"},"modified":"2016-12-11T10:21:04","modified_gmt":"2016-12-11T09:21:04","slug":"lernsoftware-unser-herz","status":"publish","type":"page","link":"https:\/\/blbt.file2.wcms.tu-dresden.de\/bme2o\/bme2o\/unser-herz\/lernpaket\/lernsoftware-unser-herz\/","title":{"rendered":"Lernsoftware &#8222;Unser Herz&#8220;"},"content":{"rendered":"<p><img loading=\"lazy\" decoding=\"async\" class=\"projekt_logo2 alignright wp-image-314 size-full\" src=\"https:\/\/blbt.file2.wcms.tu-dresden.de\/bme2o\/wp-content\/uploads\/2016\/09\/logo_herz.png\" alt=\"logo_herz\" width=\"211\" height=\"76\" srcset=\"https:\/\/blbt.file2.wcms.tu-dresden.de\/bme2o\/wp-content\/uploads\/2016\/09\/logo_herz.png 211w, https:\/\/blbt.file2.wcms.tu-dresden.de\/bme2o\/wp-content\/uploads\/2016\/09\/logo_herz-150x54.png 150w\" sizes=\"auto, (max-width: 211px) 85vw, 211px\" \/><\/p>\n<p>Die Software ist in sechs &#8211; aufeinander aufbauende &#8211; Kapitel unterteilt. Der Avatar Paul f\u00fchrt die Kinder durch das Programm und liest ihnen alle Fragen und nat\u00fcrlich den Lehrstoff vor. Jedes Kapitel ermuntert die Kinder mit einer Fragestellung, die von Paul beantwortet wird.<img loading=\"lazy\" decoding=\"async\" class=\"aligncenter size-full wp-image-356\" src=\"https:\/\/blbt.file2.wcms.tu-dresden.de\/bme2o\/wp-content\/uploads\/2016\/09\/herzstufen.png\" alt=\"herzstufen\" width=\"769\" height=\"124\" srcset=\"https:\/\/blbt.file2.wcms.tu-dresden.de\/bme2o\/wp-content\/uploads\/2016\/09\/herzstufen.png 769w, https:\/\/blbt.file2.wcms.tu-dresden.de\/bme2o\/wp-content\/uploads\/2016\/09\/herzstufen-150x24.png 150w, https:\/\/blbt.file2.wcms.tu-dresden.de\/bme2o\/wp-content\/uploads\/2016\/09\/herzstufen-300x48.png 300w, https:\/\/blbt.file2.wcms.tu-dresden.de\/bme2o\/wp-content\/uploads\/2016\/09\/herzstufen-768x124.png 768w\" sizes=\"auto, (max-width: 769px) 85vw, 769px\" \/><img loading=\"lazy\" decoding=\"async\" class=\"alignright size-full wp-image-357\" src=\"https:\/\/blbt.file2.wcms.tu-dresden.de\/bme2o\/wp-content\/uploads\/2016\/09\/inhalt_herzsoftware.png\" alt=\"inhalt_herzsoftware\" width=\"402\" height=\"231\" srcset=\"https:\/\/blbt.file2.wcms.tu-dresden.de\/bme2o\/wp-content\/uploads\/2016\/09\/inhalt_herzsoftware.png 402w, https:\/\/blbt.file2.wcms.tu-dresden.de\/bme2o\/wp-content\/uploads\/2016\/09\/inhalt_herzsoftware-150x86.png 150w, https:\/\/blbt.file2.wcms.tu-dresden.de\/bme2o\/wp-content\/uploads\/2016\/09\/inhalt_herzsoftware-300x172.png 300w\" sizes=\"auto, (max-width: 402px) 85vw, 402px\" \/><\/p>\n<p>Beginnend mit einem einfachen, stilisierten roten Herz erhalten die Kindern durch gelungene und verst\u00e4ndliche Animationen Einblicke in grundlegende anatomisch-physiologische Eigenschaften des Herzens. Dabei \u00e4ndert sich die visuelle Darstellung mit dem Fortschritt des Lehrstoffes: Herz und Kreislaufsystem werden immer realistischer dargestellt, bis sich das Herz schlie\u00dflich als anatomisches Modell mit einer 3D-Brille betrachten l\u00e4sst und die Funktion des Blutkreislaufs sowie dessen Bedeutung f\u00fcr alle Organe beschrieben werden. Mit kleinen \u00dcbungen in den Kapiteln lernen die Kinder, wo sich das Herz im K\u00f6rper befindet, wie es pocht oder warum und wo man den Puls f\u00fchlen kann. Mit einem Geschwindigkeitsregler k\u00f6nnen sie das Herz langsam oder schnell schlagen lassen und beobachten, wie das Blut durch Herz und K\u00f6rper flie\u00dft.<\/p>\n<p>Die Lernsoftware existiert in den Sprachen Deutsch, Englisch, Russisch, Polnisch, Tschechisch, Spanisch und Arabisch. Weitere Sprachen &#8211; wie Franz\u00f6sisch oder Chinesisch &#8211; sind geplant. Der Avatar Paul spricht zzt. deutsch, wird aber in naher Zukunft weitere Sprachen beherrschen.<\/p>\n<p>Die Lernsoftw<a href=\"http:\/\/lmz-bw.de\" target=\"_blank\"><img loading=\"lazy\" decoding=\"async\" class=\"alignleft wp-image-358 size-full\" src=\"https:\/\/blbt.file2.wcms.tu-dresden.de\/bme2o\/wp-content\/uploads\/2016\/09\/zertifikat_lmzbw.png\" alt=\"zertifikat_lmzbw\" width=\"193\" height=\"50\" srcset=\"https:\/\/blbt.file2.wcms.tu-dresden.de\/bme2o\/wp-content\/uploads\/2016\/09\/zertifikat_lmzbw.png 193w, https:\/\/blbt.file2.wcms.tu-dresden.de\/bme2o\/wp-content\/uploads\/2016\/09\/zertifikat_lmzbw-150x39.png 150w\" sizes=\"auto, (max-width: 193px) 85vw, 193px\" \/><\/a>are wurde im Juni 2012 vom Landesmedienzentrum Baden-W\u00fcrttemberg (<a href=\"http:\/\/lmz-bw.de\" target=\"_blank\">www.lmz-bw.de<\/a>, 6655110) f\u00fcr den schulischen Einsatz empfohlen.<\/p>\n<p>&nbsp;<\/p>\n<p><a id=\"handbuch\" class=\"no_link\" name=\"handbuch\"><\/a><u>Handbuch:<\/u><img loading=\"lazy\" decoding=\"async\" class=\"alignright size-full wp-image-359\" src=\"https:\/\/blbt.file2.wcms.tu-dresden.de\/bme2o\/wp-content\/uploads\/2016\/09\/handbuch_herzsoftware.png\" alt=\"handbuch_herzsoftware\" width=\"218\" height=\"155\" srcset=\"https:\/\/blbt.file2.wcms.tu-dresden.de\/bme2o\/wp-content\/uploads\/2016\/09\/handbuch_herzsoftware.png 218w, https:\/\/blbt.file2.wcms.tu-dresden.de\/bme2o\/wp-content\/uploads\/2016\/09\/handbuch_herzsoftware-150x107.png 150w\" sizes=\"auto, (max-width: 218px) 85vw, 218px\" \/><br \/>\nMit dem hochwertig und farbig gestalteten Handbuch erhalten Betreuer und interessierte Eltern neben den Zusammenfassungen der einzelnen Kapitel auch weiterf\u00fchrende Hintergrundinformationen. Die angebotenen Experimente sind darin thematisch passend in die Kapitel eingeordnet. Es wird aktuell in den Sprachen Deutsch, Englisch, Russisch, Polnisch und Tschechisch angeboten.<\/p>\n<p>&nbsp;<\/p>\n<p><u><img loading=\"lazy\" decoding=\"async\" class=\"alignleft size-full wp-image-360\" src=\"https:\/\/blbt.file2.wcms.tu-dresden.de\/bme2o\/wp-content\/uploads\/2016\/09\/screenshot_herzsoftware2.png\" alt=\"screenshot_herzsoftware\" width=\"266\" height=\"193\" srcset=\"https:\/\/blbt.file2.wcms.tu-dresden.de\/bme2o\/wp-content\/uploads\/2016\/09\/screenshot_herzsoftware2.png 266w, https:\/\/blbt.file2.wcms.tu-dresden.de\/bme2o\/wp-content\/uploads\/2016\/09\/screenshot_herzsoftware2-150x109.png 150w\" sizes=\"auto, (max-width: 266px) 85vw, 266px\" \/>Experimente:<\/u><br \/>\nDie vorgeschlagenen Experimente werden in der Software Schritt f\u00fcr Schritt erkl\u00e4rt. Dazu sind alle notwendigen Materialen aufgef\u00fchrt und alle Bastelschritte durch Bilder oder kurze Filme illustriert. Zus\u00e4tzlich werden die Bastelanleitungen als druckbare pdf-Version zur Verf\u00fcgung gestellt. Ausgestattet mit einem Bastelkoffer und der Anleitung f\u00fcr Kinderg\u00e4rtnerInnen, GrundschullehrerInnen und interessierte Eltern sorgt Paul daf\u00fcr, dass auch Kinder, die noch nicht lesen k\u00f6nnen, die fesselnden Inhalte entdecken und neben der Bedienung der Computermaus auch malen, schneiden, kneten und Kekse backen.<\/p>\n<p><u>Informationen:<\/u><br \/>\nDie Lernsoftware entstand im Auftrag des Instituts f\u00fcr Biomedizinische Technik der Technischen Universit\u00e4t Dresden, gef\u00f6rdert vom SMWK \u00fcber das Projekt FINA als Belegarbeit an der Fakult\u00e4t Informatik<sup>1<\/sup>.<\/p>\n<p>Das gesamte Lernpaket &#8222;Unser Herz in der Kiste&#8220; mit Handb\u00fcchern und Bastelkiste wurde 2010 am Institut f\u00fcr Biomedizinische Technik der TU Dresden konzipiert und seitdem st\u00e4ndig weiterentwickelt.<\/p>\n<p><u>Systemvoraussetzungen:<\/u><br \/>\nDas Programm l\u00e4uft systemunabh\u00e4ngig, ben\u00f6tigt aber den Flashplayer (Download: Flashplayer).<\/p>\n<hr \/>\n<p><sup>1<\/sup><span style=\"font-size:smaller\"> Gottschalk, S.; Konzeption und Entwicklung einer didaktischen Software f\u00fcr Vor- und Grundschulkinder zum Thema Herz; Gro\u00dfer Beleg, TU Dresden, Fakult\u00e4t Informatik, Institut f\u00fcr Systemarchitektur; 2010<\/span><\/p>\n","protected":false},"excerpt":{"rendered":"<p>Die Software ist in sechs &#8211; aufeinander aufbauende &#8211; Kapitel unterteilt. Der Avatar Paul f\u00fchrt die Kinder durch das Programm und liest ihnen alle Fragen und nat\u00fcrlich den Lehrstoff vor. Jedes Kapitel ermuntert die Kinder mit einer Fragestellung, die von Paul beantwortet wird. Beginnend mit einem einfachen, stilisierten roten Herz erhalten die Kindern durch gelungene &hellip; <a href=\"https:\/\/blbt.file2.wcms.tu-dresden.de\/bme2o\/bme2o\/unser-herz\/lernpaket\/lernsoftware-unser-herz\/\" class=\"more-link\"><span class=\"screen-reader-text\">\u201eLernsoftware &#8222;Unser Herz&#8220;\u201c<\/span> weiterlesen<\/a><\/p>\n","protected":false},"author":1,"featured_media":0,"parent":316,"menu_order":0,"comment_status":"closed","ping_status":"closed","template":"","meta":{"footnotes":""},"class_list":["post-320","page","type-page","status-publish","hentry"],"aioseo_notices":[],"_links":{"self":[{"href":"https:\/\/blbt.file2.wcms.tu-dresden.de\/bme2o\/wp-json\/wp\/v2\/pages\/320","targetHints":{"allow":["GET"]}}],"collection":[{"href":"https:\/\/blbt.file2.wcms.tu-dresden.de\/bme2o\/wp-json\/wp\/v2\/pages"}],"about":[{"href":"https:\/\/blbt.file2.wcms.tu-dresden.de\/bme2o\/wp-json\/wp\/v2\/types\/page"}],"author":[{"embeddable":true,"href":"https:\/\/blbt.file2.wcms.tu-dresden.de\/bme2o\/wp-json\/wp\/v2\/users\/1"}],"replies":[{"embeddable":true,"href":"https:\/\/blbt.file2.wcms.tu-dresden.de\/bme2o\/wp-json\/wp\/v2\/comments?post=320"}],"version-history":[{"count":16,"href":"https:\/\/blbt.file2.wcms.tu-dresden.de\/bme2o\/wp-json\/wp\/v2\/pages\/320\/revisions"}],"predecessor-version":[{"id":562,"href":"https:\/\/blbt.file2.wcms.tu-dresden.de\/bme2o\/wp-json\/wp\/v2\/pages\/320\/revisions\/562"}],"up":[{"embeddable":true,"href":"https:\/\/blbt.file2.wcms.tu-dresden.de\/bme2o\/wp-json\/wp\/v2\/pages\/316"}],"wp:attachment":[{"href":"https:\/\/blbt.file2.wcms.tu-dresden.de\/bme2o\/wp-json\/wp\/v2\/media?parent=320"}],"curies":[{"name":"wp","href":"https:\/\/api.w.org\/{rel}","templated":true}]}}