{"id":324,"date":"2016-09-12T09:52:26","date_gmt":"2016-09-12T07:52:26","guid":{"rendered":"https:\/\/blbt.file2.wcms.tu-dresden.de\/bme2o\/?page_id=324"},"modified":"2016-09-12T10:42:16","modified_gmt":"2016-09-12T08:42:16","slug":"die-kiste","status":"publish","type":"page","link":"https:\/\/blbt.file2.wcms.tu-dresden.de\/bme2o\/bme2o\/unser-herz\/lernpaket\/die-kiste\/","title":{"rendered":"Die Kiste"},"content":{"rendered":"<p><img loading=\"lazy\" decoding=\"async\" class=\"projekt_logo2 alignright wp-image-314 size-full\" src=\"https:\/\/blbt.file2.wcms.tu-dresden.de\/bme2o\/wp-content\/uploads\/2016\/09\/logo_herz.png\" alt=\"logo_herz\" width=\"211\" height=\"76\" srcset=\"https:\/\/blbt.file2.wcms.tu-dresden.de\/bme2o\/wp-content\/uploads\/2016\/09\/logo_herz.png 211w, https:\/\/blbt.file2.wcms.tu-dresden.de\/bme2o\/wp-content\/uploads\/2016\/09\/logo_herz-150x54.png 150w\" sizes=\"auto, (max-width: 211px) 85vw, 211px\" \/><\/p>\n<p>Damit kleinere Kinder nicht zu viel Zeit am Computer verbringen, sind in die Lernsoftware praktische \u00dcbungsaufgaben integriert. Die Besch\u00e4ftigung mit der Software sollte immer wieder durch Basteln und Experimentieren unterbrochen werden, denn Kinder lernen mit allen Sinnen. Mit der Bastelkiste erhalten BetreuernInnen und Eltern alle Materialen (ausgenommen die Lebensmittel zum Kekse backen) und Vorlagen f\u00fcr die vorgeschlagen Experimente. Bis zu sechs Kinder lassen sich damit besch\u00e4ftigen. Um ein in der Lernsoftware abgebildetes anatomisches Herzmodell auch r\u00e4umlich betrachten zu k\u00f6nnen, basteln die Kinder 3D-Brillen. Die Kiste enth\u00e4lt daf\u00fcr Schablonen, Bastelkarton und farbige Folien. Mit roter und blauer Knete k\u00f6nnen die Kinder auch selber ein anatomisches Herzmodell formen, nachdem sie vorher in der Lernsoftware den Herzaufbau kennengelernt haben. Dabei k\u00f6nnen sie im Team arbeiten: z.\u2009B. erstellt ein Kind die linke, ein anderes die rechte Herzh\u00e4lfte. In den folgenden Kapiteln lernen die Kinder weitere Organe kennen. Sie k\u00f6nnen diese ausmalen, ausschneiden und in einen K\u00f6rperumriss einordnen. Dazu enth\u00e4lt die Kiste ein Malbuch, Vorlagen, Buntstifte und einen gro\u00dfen Bogen Packpapier zur Erstellung des Umrisses.<\/p>\n<p>Bereiten Sie die Experimente so vor, dass zu Beginn alle Materialen zur Verf\u00fcgung stehen und bei Bedarf bestimmte Inhalte mit Erkl\u00e4rungen in der Lernsoftware wiederholt werden k\u00f6nnen.<\/p>\n<p>Im Einzelnen enth\u00e4lt die Kiste folgende Materialien:<img loading=\"lazy\" decoding=\"async\" class=\"alignright size-full wp-image-371\" src=\"https:\/\/blbt.file2.wcms.tu-dresden.de\/bme2o\/wp-content\/uploads\/2016\/09\/koerperumriss.png\" alt=\"koerperumriss\" width=\"166\" height=\"286\" srcset=\"https:\/\/blbt.file2.wcms.tu-dresden.de\/bme2o\/wp-content\/uploads\/2016\/09\/koerperumriss.png 166w, https:\/\/blbt.file2.wcms.tu-dresden.de\/bme2o\/wp-content\/uploads\/2016\/09\/koerperumriss-87x150.png 87w\" sizes=\"auto, (max-width: 166px) 85vw, 166px\" \/><\/p>\n<ul>\n<li>1 Datentr\u00e4ger mit der Software<\/li>\n<li>1 Begleitheft zur Software f\u00fcr Eltern, ErzieherInnen und LehererInnen<\/li>\n<li>1 Malbuch<\/li>\n<li>Bastelanleitungen<\/li>\n<li>Bastelmaterialen f\u00fcr 6 Kinder\n<ul>\n<li>rote und blaue Knete<\/li>\n<li>Bastelkarton<\/li>\n<li>rote und blaue Folie<\/li>\n<li>Buntstifte<\/li>\n<li>Packpapierb\u00f6gen<\/li>\n<\/ul>\n<\/li>\n<li>Bastelvorlagen\n<ul>\n<li>Schablonen f\u00fcr K\u00f6rperorgane<\/li>\n<li>Schablonen f\u00fcr 3D-Brille<\/li>\n<li>Schablone Herzpl\u00e4tzchen<\/li>\n<\/ul>\n<\/li>\n<\/ul>\n<table class=\"no_border\">\n<tbody>\n<tr>\n<td><img loading=\"lazy\" decoding=\"async\" class=\"size-full wp-image-373 alignright\" src=\"https:\/\/blbt.file2.wcms.tu-dresden.de\/bme2o\/wp-content\/uploads\/2016\/09\/herzplaetzchen.png\" alt=\"herzplaetzchen\" width=\"188\" height=\"193\" srcset=\"https:\/\/blbt.file2.wcms.tu-dresden.de\/bme2o\/wp-content\/uploads\/2016\/09\/herzplaetzchen.png 188w, https:\/\/blbt.file2.wcms.tu-dresden.de\/bme2o\/wp-content\/uploads\/2016\/09\/herzplaetzchen-146x150.png 146w\" sizes=\"auto, (max-width: 188px) 85vw, 188px\" \/><\/td>\n<td><img loading=\"lazy\" decoding=\"async\" class=\"wp-image-374 size-full aligncenter\" src=\"https:\/\/blbt.file2.wcms.tu-dresden.de\/bme2o\/wp-content\/uploads\/2016\/09\/3dbrille.png\" alt=\"3dbrille\" width=\"279\" height=\"155\" srcset=\"https:\/\/blbt.file2.wcms.tu-dresden.de\/bme2o\/wp-content\/uploads\/2016\/09\/3dbrille.png 279w, https:\/\/blbt.file2.wcms.tu-dresden.de\/bme2o\/wp-content\/uploads\/2016\/09\/3dbrille-150x83.png 150w\" sizes=\"auto, (max-width: 279px) 85vw, 279px\" \/><\/td>\n<td><img loading=\"lazy\" decoding=\"async\" class=\"size-full wp-image-375 alignleft\" src=\"https:\/\/blbt.file2.wcms.tu-dresden.de\/bme2o\/wp-content\/uploads\/2016\/09\/knetherz.png\" alt=\"knetherz\" width=\"256\" height=\"193\" srcset=\"https:\/\/blbt.file2.wcms.tu-dresden.de\/bme2o\/wp-content\/uploads\/2016\/09\/knetherz.png 256w, https:\/\/blbt.file2.wcms.tu-dresden.de\/bme2o\/wp-content\/uploads\/2016\/09\/knetherz-150x113.png 150w\" sizes=\"auto, (max-width: 256px) 85vw, 256px\" \/><\/td>\n<\/tr>\n<\/tbody>\n<\/table>\n","protected":false},"excerpt":{"rendered":"<p>Damit kleinere Kinder nicht zu viel Zeit am Computer verbringen, sind in die Lernsoftware praktische \u00dcbungsaufgaben integriert. Die Besch\u00e4ftigung mit der Software sollte immer wieder durch Basteln und Experimentieren unterbrochen werden, denn Kinder lernen mit allen Sinnen. Mit der Bastelkiste erhalten BetreuernInnen und Eltern alle Materialen (ausgenommen die Lebensmittel zum Kekse backen) und Vorlagen f\u00fcr &hellip; <a href=\"https:\/\/blbt.file2.wcms.tu-dresden.de\/bme2o\/bme2o\/unser-herz\/lernpaket\/die-kiste\/\" class=\"more-link\"><span class=\"screen-reader-text\">\u201eDie Kiste\u201c<\/span> weiterlesen<\/a><\/p>\n","protected":false},"author":1,"featured_media":0,"parent":316,"menu_order":2,"comment_status":"closed","ping_status":"closed","template":"","meta":{"footnotes":""},"class_list":["post-324","page","type-page","status-publish","hentry"],"aioseo_notices":[],"_links":{"self":[{"href":"https:\/\/blbt.file2.wcms.tu-dresden.de\/bme2o\/wp-json\/wp\/v2\/pages\/324","targetHints":{"allow":["GET"]}}],"collection":[{"href":"https:\/\/blbt.file2.wcms.tu-dresden.de\/bme2o\/wp-json\/wp\/v2\/pages"}],"about":[{"href":"https:\/\/blbt.file2.wcms.tu-dresden.de\/bme2o\/wp-json\/wp\/v2\/types\/page"}],"author":[{"embeddable":true,"href":"https:\/\/blbt.file2.wcms.tu-dresden.de\/bme2o\/wp-json\/wp\/v2\/users\/1"}],"replies":[{"embeddable":true,"href":"https:\/\/blbt.file2.wcms.tu-dresden.de\/bme2o\/wp-json\/wp\/v2\/comments?post=324"}],"version-history":[{"count":14,"href":"https:\/\/blbt.file2.wcms.tu-dresden.de\/bme2o\/wp-json\/wp\/v2\/pages\/324\/revisions"}],"predecessor-version":[{"id":386,"href":"https:\/\/blbt.file2.wcms.tu-dresden.de\/bme2o\/wp-json\/wp\/v2\/pages\/324\/revisions\/386"}],"up":[{"embeddable":true,"href":"https:\/\/blbt.file2.wcms.tu-dresden.de\/bme2o\/wp-json\/wp\/v2\/pages\/316"}],"wp:attachment":[{"href":"https:\/\/blbt.file2.wcms.tu-dresden.de\/bme2o\/wp-json\/wp\/v2\/media?parent=324"}],"curies":[{"name":"wp","href":"https:\/\/api.w.org\/{rel}","templated":true}]}}