{"id":326,"date":"2016-09-12T09:52:46","date_gmt":"2016-09-12T07:52:46","guid":{"rendered":"https:\/\/blbt.file2.wcms.tu-dresden.de\/bme2o\/?page_id=326"},"modified":"2016-09-12T11:28:45","modified_gmt":"2016-09-12T09:28:45","slug":"preise-und-bestellung","status":"publish","type":"page","link":"https:\/\/blbt.file2.wcms.tu-dresden.de\/bme2o\/bme2o\/unser-herz\/lernpaket\/preise-und-bestellung\/","title":{"rendered":"Preise und Bestellung"},"content":{"rendered":"<p><img loading=\"lazy\" decoding=\"async\" class=\"projekt_logo2 alignright wp-image-314 size-full\" src=\"https:\/\/blbt.file2.wcms.tu-dresden.de\/bme2o\/wp-content\/uploads\/2016\/09\/logo_herz.png\" alt=\"logo_herz\" width=\"211\" height=\"76\" srcset=\"https:\/\/blbt.file2.wcms.tu-dresden.de\/bme2o\/wp-content\/uploads\/2016\/09\/logo_herz.png 211w, https:\/\/blbt.file2.wcms.tu-dresden.de\/bme2o\/wp-content\/uploads\/2016\/09\/logo_herz-150x54.png 150w\" sizes=\"auto, (max-width: 211px) 85vw, 211px\" \/><\/p>\n<p><span style=\"text-decoration: underline;\"><strong>Angebotsanforderung f\u00fcr &#8222;Unser Herz&#8220;<\/strong><\/span><\/p>\n<p>Folgende Angebote zum Lernpaket &#8222;Unser Herz in der Kiste&#8220; stehen zur Verf\u00fcgung. Bitte beachten Sie, dass die Lernsoftware aktuell in den Sprachen Englisch, Russisch, Polnisch, Tschechisch, Spanisch und Arabisch vorliegt, aber nur auf Deutsch vertont ist. Das Handbuch liegt in den Sprachen Deutsch, Englisch,Russisch, Polnisch und Franz\u00f6sisch vor.<\/p>\n<p>Bitte f\u00fcllen Sie das Formular aus und klicken Sie dann auf den Button &#8222;Abschicken&#8220;. Sie erhalten anschlie\u00dfend von uns ein genaues Preisangebot, das Sie f\u00fcr einen Kauf nur noch best\u00e4tigen m\u00fcssen. (Als Adresse geben Sie bitte die Lieferadresse an. Eine abweichende Rechnungsadresse k\u00f6nnen Sie im Kommentarfeld eintragen.)<\/p>\n<table>\n<tbody>\n<tr>\n<td style=\"text-align: center;\" bgcolor=\"#CCC\">Pakete<\/td>\n<td style=\"width: 20%; text-align: center;\" bgcolor=\"#CCC\">Preise *<\/td>\n<\/tr>\n<tr>\n<td bgcolor=\"#E9E9E9\"><b>Softwarepaket<\/b><br \/>\nZugang zum Download der lokal lauff\u00e4higen Software-Version (kostenloses Update ohne Funktionserweiterung bis zu 1 Jahr nach Erwerb der Lizenz), benutzbar auf 1 Computer, ohne Zubeh\u00f6r<\/td>\n<td style=\"text-align: center;\">20,00\u2009\u20ac **<\/td>\n<\/tr>\n<tr>\n<td bgcolor=\"#E9E9E9\"><b>Softwarepaket mit 1 Handbuch, 1 Malbuch und Datentr\u00e4ger<\/b><br \/>\nZugang zum Download der lokal lauff\u00e4higen Software-Version (kostenloses Update ohne Funktionserweiterung bis zu 1 Jahr nach Erwerb der Lizenz),<br \/>\nSoftware auf Datentr\u00e4ger, benutzbar auf 1 Computer<br \/>\n1 Handbuch f\u00fcr ErzieherInnen, Eltern und LehrerInnen, Sprache w\u00e4hlbar.<br \/>\n1 Malbuch &#8222;Organe&#8220;<\/td>\n<td style=\"text-align: center;\">30,00\u2009\u20ac **<\/td>\n<\/tr>\n<tr>\n<td bgcolor=\"#E9E9E9\"><b>Handbuch und Malbuch<\/b><br \/>\n1 gedrucktes Handbuch f\u00fcr ErzieherInnen, Eltern und LehrerInnen und 1 Malbuch &#8222;Organe&#8220;, Sprache w\u00e4hlbar.<\/td>\n<td style=\"text-align: center;\">20,00\u2009\u20ac **<\/td>\n<\/tr>\n<tr>\n<td bgcolor=\"#E9E9E9\"><b>Komplettangebot<\/b><br \/>\nZugang zum Download der lokal lauff\u00e4higen Software-Version (kostenloses Update ohne Funktionserweiterung bis zu 1 Jahr nach Erwerb der Lizenz),<br \/>\nSoftware auf Datentr\u00e4ger, benutzbar auf 1 Computer,<br \/>\nmit 1 Handbuch f\u00fcr ErzieherInnen, Eltern und LehrerInnen, Sprache w\u00e4hlbar, Bastelset mit allen Vorlagen f\u00fcr die \u00dcbungen sowie Bastelmaterialen f\u00fcr 6 Kinder inkl. 1 Malbuch<\/td>\n<td style=\"text-align: center;\">59,90\u2009\u20ac **<\/td>\n<\/tr>\n<tr>\n<td bgcolor=\"#E9E9E9\"><b>Softwarepaket mit Tablet-PC<\/b><br \/>\n1 Tablet-PC, Software auf Tablet-PC, Zugang zum Download der lokal lauff\u00e4higen Software-Version (kostenloses Update ohne Funktionserweiterung bis zu 1 Jahr nach Erwerb der Lizenz),<br \/>\n1 Handbuch f\u00fcr ErzieherInnen, Eltern und LehrerInnen, Sprache w\u00e4hlbar.<br \/>\n1 Malbuch &#8222;Organe&#8220;<\/td>\n<td style=\"text-align: center;\">197,00\u2009\u20ac **<\/td>\n<\/tr>\n<tr>\n<td bgcolor=\"#E9E9E9\"><b>Softwarepaket mit Tablet-PC und Bastelset f\u00fcr 6 Kinder<\/b><br \/>\nZugang zum Download der lokal lauff\u00e4higen Software-Version (kostenloses Update ohne Funktionserweiterung bis zu 1 Jahr nach Erwerb der Lizenz),<br \/>\nSoftware auf Tablet-PC, 1 Handbuch f\u00fcr ErzieherInnen, Eltern und LehrerInnen, Sprache w\u00e4hlbar. 1 Malbuch &#8222;Organe&#8220;, Bastelset mit allen Vorlagen f\u00fcr die \u00dcbungen und Bastelmaterialen f\u00fcr 6 Kinder<\/td>\n<td style=\"text-align: center;\">249,90\u2009\u20ac **<\/td>\n<\/tr>\n<\/tbody>\n<\/table>\n<p>* alle Preise inkl. Mwst.<br \/>\n** bei Zusendung zzgl. Porto- und Versandkosten<\/p>\n<hr \/>\n\n<div class=\"wpcf7 no-js\" id=\"wpcf7-f388-o1\" lang=\"de-DE\" dir=\"ltr\">\n<div class=\"screen-reader-response\"><p role=\"status\" aria-live=\"polite\" aria-atomic=\"true\"><\/p> <ul><\/ul><\/div>\n<form action=\"\/bme2o\/wp-json\/wp\/v2\/pages\/326#wpcf7-f388-o1\" method=\"post\" class=\"wpcf7-form init\" aria-label=\"Kontaktformular\" novalidate=\"novalidate\" data-status=\"init\">\n<div style=\"display: none;\">\n<input type=\"hidden\" name=\"_wpcf7\" value=\"388\" \/>\n<input type=\"hidden\" name=\"_wpcf7_version\" value=\"5.7.7\" \/>\n<input type=\"hidden\" name=\"_wpcf7_locale\" value=\"de_DE\" \/>\n<input type=\"hidden\" name=\"_wpcf7_unit_tag\" value=\"wpcf7-f388-o1\" \/>\n<input type=\"hidden\" name=\"_wpcf7_container_post\" value=\"0\" \/>\n<input type=\"hidden\" name=\"_wpcf7_posted_data_hash\" value=\"\" \/>\n<\/div>\n<h4>Angebotsanforderung Lernsoftware \"Unser Herz\"\n<\/h4>\n<p>W\u00e4hlen Sie die gew\u00fcnschte Anzahl der einzelnen Pakete aus:\n<\/p>\n<p><label> <b>Softwarepaket<\/b> <span class=\"wpcf7-form-control-wrap\" data-name=\"number-167\"><input class=\"wpcf7-form-control wpcf7-number wpcf7-validates-as-number\" min=\"0\" max=\"1000\" aria-invalid=\"false\" placeholder=\"0\" value=\"\" type=\"number\" name=\"number-167\" \/><\/span> <\/label>\n<\/p>\n<p><label> <b>Softwarepaket mit 1 Handbuch, 1 Malbuch und Datentr\u00e4ger<\/b> <span class=\"wpcf7-form-control-wrap\" data-name=\"number-168\"><input class=\"wpcf7-form-control wpcf7-number wpcf7-validates-as-number\" min=\"0\" max=\"1000\" aria-invalid=\"false\" placeholder=\"0\" value=\"\" type=\"number\" name=\"number-168\" \/><\/span> <\/label>\n<\/p>\n<p><label> <b>Handbuch und Malbuch<\/b> <span class=\"wpcf7-form-control-wrap\" data-name=\"number-169\"><input class=\"wpcf7-form-control wpcf7-number wpcf7-validates-as-number\" min=\"0\" max=\"1000\" aria-invalid=\"false\" placeholder=\"0\" value=\"\" type=\"number\" name=\"number-169\" \/><\/span> <\/label>\n<\/p>\n<p><label> <b>Komplettangebot<\/b> <span class=\"wpcf7-form-control-wrap\" data-name=\"number-170\"><input class=\"wpcf7-form-control wpcf7-number wpcf7-validates-as-number\" min=\"0\" max=\"1000\" aria-invalid=\"false\" placeholder=\"0\" value=\"\" type=\"number\" name=\"number-170\" \/><\/span> <\/label>\n<\/p>\n<p><label> <b>Softwarepaket mit Tablet-PC<\/b> <span class=\"wpcf7-form-control-wrap\" data-name=\"number-171\"><input class=\"wpcf7-form-control wpcf7-number wpcf7-validates-as-number\" min=\"0\" max=\"1000\" aria-invalid=\"false\" placeholder=\"0\" value=\"\" type=\"number\" name=\"number-171\" \/><\/span> <\/label>\n<\/p>\n<p><label> <b>Softwarepaket mit Tablet-PC und Bastelset f\u00fcr 6 Kinder<\/b> <span class=\"wpcf7-form-control-wrap\" data-name=\"number-172\"><input class=\"wpcf7-form-control wpcf7-number wpcf7-validates-as-number\" min=\"0\" max=\"1000\" aria-invalid=\"false\" placeholder=\"0\" value=\"\" type=\"number\" name=\"number-172\" \/><\/span> <\/label>\n<\/p>\n<p><label> Vorname (Pflichtfeld)<br \/>\n<span class=\"wpcf7-form-control-wrap\" data-name=\"your-prename\"><input size=\"40\" class=\"wpcf7-form-control wpcf7-text wpcf7-validates-as-required\" aria-required=\"true\" aria-invalid=\"false\" value=\"\" type=\"text\" name=\"your-prename\" \/><\/span> <\/label>\n<\/p>\n<p><label> Nachname (Pflichtfeld)<br \/>\n<span class=\"wpcf7-form-control-wrap\" data-name=\"your-name\"><input size=\"40\" class=\"wpcf7-form-control wpcf7-text wpcf7-validates-as-required\" aria-required=\"true\" aria-invalid=\"false\" value=\"\" type=\"text\" name=\"your-name\" \/><\/span> <\/label>\n<\/p>\n<p><label> Stra\u00dfe (Pflichtfeld)<br \/>\n<span class=\"wpcf7-form-control-wrap\" data-name=\"street\"><input size=\"40\" class=\"wpcf7-form-control wpcf7-text wpcf7-validates-as-required\" aria-required=\"true\" aria-invalid=\"false\" value=\"\" type=\"text\" name=\"street\" \/><\/span> <\/label>\n<\/p>\n<p><label> Hausnummer (Pflichtfeld)<br \/>\n<span class=\"wpcf7-form-control-wrap\" data-name=\"number\"><input size=\"40\" class=\"wpcf7-form-control wpcf7-text wpcf7-validates-as-required\" aria-required=\"true\" aria-invalid=\"false\" value=\"\" type=\"text\" name=\"number\" \/><\/span> <\/label>\n<\/p>\n<p><label> Postleitzahl (Pflichtfeld)<br \/>\n<span class=\"wpcf7-form-control-wrap\" data-name=\"plz\"><input size=\"40\" class=\"wpcf7-form-control wpcf7-text wpcf7-validates-as-required\" aria-required=\"true\" aria-invalid=\"false\" value=\"\" type=\"text\" name=\"plz\" \/><\/span> <\/label>\n<\/p>\n<p><label> Stadt (Pflichtfeld)<br \/>\n<span class=\"wpcf7-form-control-wrap\" data-name=\"city\"><input size=\"40\" class=\"wpcf7-form-control wpcf7-text wpcf7-validates-as-required\" aria-required=\"true\" aria-invalid=\"false\" value=\"\" type=\"text\" name=\"city\" \/><\/span> <\/label>\n<\/p>\n<p><label> Land (Pflichtfeld)<br \/>\n<span class=\"wpcf7-form-control-wrap\" data-name=\"land\"><input size=\"40\" class=\"wpcf7-form-control wpcf7-text wpcf7-validates-as-required\" aria-required=\"true\" aria-invalid=\"false\" value=\"\" type=\"text\" name=\"land\" \/><\/span> <\/label>\n<\/p>\n<p><label> E-Mail-Adresse (Pflichtfeld)<br \/>\n<span class=\"wpcf7-form-control-wrap\" data-name=\"your-email\"><input size=\"40\" class=\"wpcf7-form-control wpcf7-text wpcf7-email wpcf7-validates-as-required wpcf7-validates-as-email\" aria-required=\"true\" aria-invalid=\"false\" value=\"\" type=\"email\" name=\"your-email\" \/><\/span> <\/label>\n<\/p>\n<p><label> Kommentar<br \/>\n<span class=\"wpcf7-form-control-wrap\" data-name=\"your-message\"><textarea cols=\"40\" rows=\"10\" class=\"wpcf7-form-control wpcf7-textarea\" aria-invalid=\"false\" name=\"your-message\"><\/textarea><\/span> <\/label>\n<\/p>\n<div>\n\t<p>&nbsp;\n\t<\/p>\n<\/div>\n<p><input class=\"wpcf7-form-control has-spinner wpcf7-submit\" type=\"submit\" value=\"Senden\" \/>\n<\/p><div class=\"wpcf7-response-output\" aria-hidden=\"true\"><\/div>\n<\/form>\n<\/div>\n\n","protected":false},"excerpt":{"rendered":"<p>Angebotsanforderung f\u00fcr &#8222;Unser Herz&#8220; Folgende Angebote zum Lernpaket &#8222;Unser Herz in der Kiste&#8220; stehen zur Verf\u00fcgung. Bitte beachten Sie, dass die Lernsoftware aktuell in den Sprachen Englisch, Russisch, Polnisch, Tschechisch, Spanisch und Arabisch vorliegt, aber nur auf Deutsch vertont ist. Das Handbuch liegt in den Sprachen Deutsch, Englisch,Russisch, Polnisch und Franz\u00f6sisch vor. Bitte f\u00fcllen Sie &hellip; <a href=\"https:\/\/blbt.file2.wcms.tu-dresden.de\/bme2o\/bme2o\/unser-herz\/lernpaket\/preise-und-bestellung\/\" class=\"more-link\"><span class=\"screen-reader-text\">\u201ePreise und Bestellung\u201c<\/span> weiterlesen<\/a><\/p>\n","protected":false},"author":1,"featured_media":0,"parent":316,"menu_order":3,"comment_status":"closed","ping_status":"closed","template":"","meta":{"footnotes":""},"class_list":["post-326","page","type-page","status-publish","hentry"],"aioseo_notices":[],"_links":{"self":[{"href":"https:\/\/blbt.file2.wcms.tu-dresden.de\/bme2o\/wp-json\/wp\/v2\/pages\/326","targetHints":{"allow":["GET"]}}],"collection":[{"href":"https:\/\/blbt.file2.wcms.tu-dresden.de\/bme2o\/wp-json\/wp\/v2\/pages"}],"about":[{"href":"https:\/\/blbt.file2.wcms.tu-dresden.de\/bme2o\/wp-json\/wp\/v2\/types\/page"}],"author":[{"embeddable":true,"href":"https:\/\/blbt.file2.wcms.tu-dresden.de\/bme2o\/wp-json\/wp\/v2\/users\/1"}],"replies":[{"embeddable":true,"href":"https:\/\/blbt.file2.wcms.tu-dresden.de\/bme2o\/wp-json\/wp\/v2\/comments?post=326"}],"version-history":[{"count":8,"href":"https:\/\/blbt.file2.wcms.tu-dresden.de\/bme2o\/wp-json\/wp\/v2\/pages\/326\/revisions"}],"predecessor-version":[{"id":394,"href":"https:\/\/blbt.file2.wcms.tu-dresden.de\/bme2o\/wp-json\/wp\/v2\/pages\/326\/revisions\/394"}],"up":[{"embeddable":true,"href":"https:\/\/blbt.file2.wcms.tu-dresden.de\/bme2o\/wp-json\/wp\/v2\/pages\/316"}],"wp:attachment":[{"href":"https:\/\/blbt.file2.wcms.tu-dresden.de\/bme2o\/wp-json\/wp\/v2\/media?parent=326"}],"curies":[{"name":"wp","href":"https:\/\/api.w.org\/{rel}","templated":true}]}}