{"id":328,"date":"2016-09-12T09:53:05","date_gmt":"2016-09-12T07:53:05","guid":{"rendered":"https:\/\/blbt.file2.wcms.tu-dresden.de\/bme2o\/?page_id=328"},"modified":"2016-09-12T11:39:37","modified_gmt":"2016-09-12T09:39:37","slug":"projekt","status":"publish","type":"page","link":"https:\/\/blbt.file2.wcms.tu-dresden.de\/bme2o\/bme2o\/unser-herz\/projekt\/","title":{"rendered":"Projekt"},"content":{"rendered":"<p><img loading=\"lazy\" decoding=\"async\" class=\"projekt_logo alignright wp-image-314 size-full\" src=\"https:\/\/blbt.file2.wcms.tu-dresden.de\/bme2o\/wp-content\/uploads\/2016\/09\/logo_herz.png\" alt=\"logo_herz\" width=\"211\" height=\"76\" srcset=\"https:\/\/blbt.file2.wcms.tu-dresden.de\/bme2o\/wp-content\/uploads\/2016\/09\/logo_herz.png 211w, https:\/\/blbt.file2.wcms.tu-dresden.de\/bme2o\/wp-content\/uploads\/2016\/09\/logo_herz-150x54.png 150w\" sizes=\"auto, (max-width: 211px) 85vw, 211px\" \/><\/p>\n<p>&#8222;Unser Herz&#8220; &#8211; Interaktive Lernsoftware f\u00fcr Kindergarten und Grundschule<\/p>\n<p>&#8222;Dein Herz schl\u00e4gt ohne Pause, dein ganzes Leben lang!&#8220; sagt Paul und erkl\u00e4rt, wie und warum das menschliche Herz das Blut durch den K\u00f6rper pumpt.<\/p>\n<p>Bereits im Vorschulalter finden Kinder es interessant, dass man das Herz pochen h\u00f6ren kann, und dass es schneller schl\u00e4gt, wenn man sich anstrengt. Von au\u00dfen sehen sie nichts von der Arbeit, die das Herz verrichtet, aber sie ahnen bereits, wo das Blut durch die Gef\u00e4\u00dfe flie\u00dft, und k\u00f6nnen den Puls f\u00fchlen. Unser kleines Lernpaket f\u00fcr Kindergarten und Grundschule unterst\u00fctzt das Vorstellungsverm\u00f6gen und ein erstes Verst\u00e4ndnis dieser Lebensvorg\u00e4nge.<\/p>\n","protected":false},"excerpt":{"rendered":"<p>&#8222;Unser Herz&#8220; &#8211; Interaktive Lernsoftware f\u00fcr Kindergarten und Grundschule &#8222;Dein Herz schl\u00e4gt ohne Pause, dein ganzes Leben lang!&#8220; sagt Paul und erkl\u00e4rt, wie und warum das menschliche Herz das Blut durch den K\u00f6rper pumpt. Bereits im Vorschulalter finden Kinder es interessant, dass man das Herz pochen h\u00f6ren kann, und dass es schneller schl\u00e4gt, wenn man &hellip; <a href=\"https:\/\/blbt.file2.wcms.tu-dresden.de\/bme2o\/bme2o\/unser-herz\/projekt\/\" class=\"more-link\"><span class=\"screen-reader-text\">\u201eProjekt\u201c<\/span> weiterlesen<\/a><\/p>\n","protected":false},"author":1,"featured_media":396,"parent":310,"menu_order":1,"comment_status":"closed","ping_status":"closed","template":"","meta":{"footnotes":""},"class_list":["post-328","page","type-page","status-publish","has-post-thumbnail","hentry"],"aioseo_notices":[],"_links":{"self":[{"href":"https:\/\/blbt.file2.wcms.tu-dresden.de\/bme2o\/wp-json\/wp\/v2\/pages\/328","targetHints":{"allow":["GET"]}}],"collection":[{"href":"https:\/\/blbt.file2.wcms.tu-dresden.de\/bme2o\/wp-json\/wp\/v2\/pages"}],"about":[{"href":"https:\/\/blbt.file2.wcms.tu-dresden.de\/bme2o\/wp-json\/wp\/v2\/types\/page"}],"author":[{"embeddable":true,"href":"https:\/\/blbt.file2.wcms.tu-dresden.de\/bme2o\/wp-json\/wp\/v2\/users\/1"}],"replies":[{"embeddable":true,"href":"https:\/\/blbt.file2.wcms.tu-dresden.de\/bme2o\/wp-json\/wp\/v2\/comments?post=328"}],"version-history":[{"count":3,"href":"https:\/\/blbt.file2.wcms.tu-dresden.de\/bme2o\/wp-json\/wp\/v2\/pages\/328\/revisions"}],"predecessor-version":[{"id":398,"href":"https:\/\/blbt.file2.wcms.tu-dresden.de\/bme2o\/wp-json\/wp\/v2\/pages\/328\/revisions\/398"}],"up":[{"embeddable":true,"href":"https:\/\/blbt.file2.wcms.tu-dresden.de\/bme2o\/wp-json\/wp\/v2\/pages\/310"}],"wp:featuredmedia":[{"embeddable":true,"href":"https:\/\/blbt.file2.wcms.tu-dresden.de\/bme2o\/wp-json\/wp\/v2\/media\/396"}],"wp:attachment":[{"href":"https:\/\/blbt.file2.wcms.tu-dresden.de\/bme2o\/wp-json\/wp\/v2\/media?parent=328"}],"curies":[{"name":"wp","href":"https:\/\/api.w.org\/{rel}","templated":true}]}}