{"id":69,"date":"2016-09-09T12:02:06","date_gmt":"2016-09-09T10:02:06","guid":{"rendered":"https:\/\/blbt.file2.wcms.tu-dresden.de\/bme2o\/?page_id=69"},"modified":"2016-12-11T08:22:20","modified_gmt":"2016-12-11T07:22:20","slug":"unser-herz","status":"publish","type":"page","link":"https:\/\/blbt.file2.wcms.tu-dresden.de\/bme2o\/bme2o\/ueber-uns\/projekte\/unser-herz\/","title":{"rendered":"Unser Herz"},"content":{"rendered":"<h6>Lernsoftware f\u00fcr die Vor- und Grundschule<\/h6>\n<p style=\"text-align: left;\" align=\"center\">\u00a0&#8222;Dein Herz schl\u00e4gt ohne Pause dein ganzes Leben lang! Wie h\u00f6rt es sich an, wenn dein Herz klopft?&#8220; fragt Paul, der Avatar der interaktiven Software f\u00fcr Kindergarten- und Grundschulkinder. Auf spielerische Weise begeistern sich die J\u00fcngsten f\u00fcr das spannende Gebiet der Biomedizinischen Technik (BMT). Beginnend bei der alltagsnahen Darstellung von Aufbau und Funktion des Herzens f\u00fchrt die Software zur Funktion des Kreislaufsystems und anderer lebenswichtiger Organe. Ausgestattet mit einem Bastelkoffer und der Anleitung f\u00fcr Kinderg\u00e4rtnerInnen, GrundschullehrerInnen und interessierte Eltern sorgt Paul daf\u00fcr, dass auch Kinder, die noch nicht lesen k\u00f6nnen, fesselnde Inhalte entdecken und neben der Bedienung der Computermaus auch malen, schneiden, kneten und Kekse backen.<\/p>\n<p><a href=\"https:\/\/blbt.file2.wcms.tu-dresden.de\/bme2o\/unser-herz\/316-2\/\">Unser Herz &#8211; Hier finden Sie alle weiterf\u00fchrenden Informationen!<\/a><\/p>\n","protected":false},"excerpt":{"rendered":"<p>Lernsoftware f\u00fcr die Vor- und Grundschule \u00a0&#8222;Dein Herz schl\u00e4gt ohne Pause dein ganzes Leben lang! Wie h\u00f6rt es sich an, wenn dein Herz klopft?&#8220; fragt Paul, der Avatar der interaktiven Software f\u00fcr Kindergarten- und Grundschulkinder. Auf spielerische Weise begeistern sich die J\u00fcngsten f\u00fcr das spannende Gebiet der Biomedizinischen Technik (BMT). Beginnend bei der alltagsnahen Darstellung &hellip; <a href=\"https:\/\/blbt.file2.wcms.tu-dresden.de\/bme2o\/bme2o\/ueber-uns\/projekte\/unser-herz\/\" class=\"more-link\"><span class=\"screen-reader-text\">\u201eUnser Herz\u201c<\/span> weiterlesen<\/a><\/p>\n","protected":false},"author":1,"featured_media":73,"parent":59,"menu_order":1,"comment_status":"closed","ping_status":"closed","template":"","meta":{"footnotes":""},"class_list":["post-69","page","type-page","status-publish","has-post-thumbnail","hentry"],"aioseo_notices":[],"_links":{"self":[{"href":"https:\/\/blbt.file2.wcms.tu-dresden.de\/bme2o\/wp-json\/wp\/v2\/pages\/69","targetHints":{"allow":["GET"]}}],"collection":[{"href":"https:\/\/blbt.file2.wcms.tu-dresden.de\/bme2o\/wp-json\/wp\/v2\/pages"}],"about":[{"href":"https:\/\/blbt.file2.wcms.tu-dresden.de\/bme2o\/wp-json\/wp\/v2\/types\/page"}],"author":[{"embeddable":true,"href":"https:\/\/blbt.file2.wcms.tu-dresden.de\/bme2o\/wp-json\/wp\/v2\/users\/1"}],"replies":[{"embeddable":true,"href":"https:\/\/blbt.file2.wcms.tu-dresden.de\/bme2o\/wp-json\/wp\/v2\/comments?post=69"}],"version-history":[{"count":5,"href":"https:\/\/blbt.file2.wcms.tu-dresden.de\/bme2o\/wp-json\/wp\/v2\/pages\/69\/revisions"}],"predecessor-version":[{"id":554,"href":"https:\/\/blbt.file2.wcms.tu-dresden.de\/bme2o\/wp-json\/wp\/v2\/pages\/69\/revisions\/554"}],"up":[{"embeddable":true,"href":"https:\/\/blbt.file2.wcms.tu-dresden.de\/bme2o\/wp-json\/wp\/v2\/pages\/59"}],"wp:featuredmedia":[{"embeddable":true,"href":"https:\/\/blbt.file2.wcms.tu-dresden.de\/bme2o\/wp-json\/wp\/v2\/media\/73"}],"wp:attachment":[{"href":"https:\/\/blbt.file2.wcms.tu-dresden.de\/bme2o\/wp-json\/wp\/v2\/media?parent=69"}],"curies":[{"name":"wp","href":"https:\/\/api.w.org\/{rel}","templated":true}]}}