{"id":76,"date":"2016-09-09T14:16:08","date_gmt":"2016-09-09T12:16:08","guid":{"rendered":"https:\/\/blbt.file2.wcms.tu-dresden.de\/bme2o\/?page_id=76"},"modified":"2016-10-28T00:08:47","modified_gmt":"2016-10-27T22:08:47","slug":"unibelt","status":"publish","type":"page","link":"https:\/\/blbt.file2.wcms.tu-dresden.de\/bme2o\/bme2o\/ueber-uns\/projekte\/unibelt\/","title":{"rendered":"UnIbELT"},"content":{"rendered":"<p style=\"text-align: right;\"><span style=\"color: #808080;\"><em>[Friedrich 2012]<\/em><\/span><\/p>\n<h6>Biomedizintechnikmodule im Projekt UnIbELT &#8211; \u00dcbergang Schule-Hochschule<\/h6>\n<p>Mittels evaluierter eLearning-Kurse, erstellt durch die AG Didaktik der Informatik\u2009\/\u2009Lehrerbildung (Leitung: Prof. Dr. Steffen Friedrich), werden die Sch\u00fcler auf den \u00dcbergang von der methodisch vielf\u00e4ltigen, aber verh\u00e4ltnism\u00e4\u00dfig stark gesteuerten Lernumgebung in der Schule zum selbstbestimmten, zunehmend webbasierten Lernen an den Hochschulen vorbereitet. Sch\u00fcler der Sekundarstufe II finden Angebote bzgl. grundlegender Lernkompetenzen und des zum Studienbeginn erforderlichen Basiswissens. MitarbeiterInnen des Instituts f\u00fcr Biomedizinische Technik erstellen die Module &#8222;Herz und EKG&#8220;, &#8222;Lunge&#8220; und &#8222;Lerntechniken und Lernstrategien&#8220; als fachlichen Br\u00fcckenschlag zu TheraGnosos.<\/p>\n<p>UnIbELT &#8211; weiterf\u00fchrende Informationen erhalten Sie an der <a href=\"https:\/\/dil.inf.tu-dresden.de\/\" target=\"_blank\">Fakult\u00e4t Informatik der TU Dresden, Arbeitsgruppe Didaktik der Informatik\u2009\/\u2009Lehrerbildung!<\/a><\/p>\n","protected":false},"excerpt":{"rendered":"<p>[Friedrich 2012] Biomedizintechnikmodule im Projekt UnIbELT &#8211; \u00dcbergang Schule-Hochschule Mittels evaluierter eLearning-Kurse, erstellt durch die AG Didaktik der Informatik\u2009\/\u2009Lehrerbildung (Leitung: Prof. Dr. Steffen Friedrich), werden die Sch\u00fcler auf den \u00dcbergang von der methodisch vielf\u00e4ltigen, aber verh\u00e4ltnism\u00e4\u00dfig stark gesteuerten Lernumgebung in der Schule zum selbstbestimmten, zunehmend webbasierten Lernen an den Hochschulen vorbereitet. Sch\u00fcler der Sekundarstufe II &hellip; <a href=\"https:\/\/blbt.file2.wcms.tu-dresden.de\/bme2o\/bme2o\/ueber-uns\/projekte\/unibelt\/\" class=\"more-link\"><span class=\"screen-reader-text\">\u201eUnIbELT\u201c<\/span> weiterlesen<\/a><\/p>\n","protected":false},"author":1,"featured_media":77,"parent":59,"menu_order":3,"comment_status":"closed","ping_status":"closed","template":"","meta":{"footnotes":""},"class_list":["post-76","page","type-page","status-publish","has-post-thumbnail","hentry"],"aioseo_notices":[],"_links":{"self":[{"href":"https:\/\/blbt.file2.wcms.tu-dresden.de\/bme2o\/wp-json\/wp\/v2\/pages\/76","targetHints":{"allow":["GET"]}}],"collection":[{"href":"https:\/\/blbt.file2.wcms.tu-dresden.de\/bme2o\/wp-json\/wp\/v2\/pages"}],"about":[{"href":"https:\/\/blbt.file2.wcms.tu-dresden.de\/bme2o\/wp-json\/wp\/v2\/types\/page"}],"author":[{"embeddable":true,"href":"https:\/\/blbt.file2.wcms.tu-dresden.de\/bme2o\/wp-json\/wp\/v2\/users\/1"}],"replies":[{"embeddable":true,"href":"https:\/\/blbt.file2.wcms.tu-dresden.de\/bme2o\/wp-json\/wp\/v2\/comments?post=76"}],"version-history":[{"count":5,"href":"https:\/\/blbt.file2.wcms.tu-dresden.de\/bme2o\/wp-json\/wp\/v2\/pages\/76\/revisions"}],"predecessor-version":[{"id":543,"href":"https:\/\/blbt.file2.wcms.tu-dresden.de\/bme2o\/wp-json\/wp\/v2\/pages\/76\/revisions\/543"}],"up":[{"embeddable":true,"href":"https:\/\/blbt.file2.wcms.tu-dresden.de\/bme2o\/wp-json\/wp\/v2\/pages\/59"}],"wp:featuredmedia":[{"embeddable":true,"href":"https:\/\/blbt.file2.wcms.tu-dresden.de\/bme2o\/wp-json\/wp\/v2\/media\/77"}],"wp:attachment":[{"href":"https:\/\/blbt.file2.wcms.tu-dresden.de\/bme2o\/wp-json\/wp\/v2\/media?parent=76"}],"curies":[{"name":"wp","href":"https:\/\/api.w.org\/{rel}","templated":true}]}}