{"id":80,"date":"2016-09-09T14:18:13","date_gmt":"2016-09-09T12:18:13","guid":{"rendered":"https:\/\/blbt.file2.wcms.tu-dresden.de\/bme2o\/?page_id=80"},"modified":"2016-09-11T16:27:24","modified_gmt":"2016-09-11T14:27:24","slug":"kryobiotech-2","status":"publish","type":"page","link":"https:\/\/blbt.file2.wcms.tu-dresden.de\/bme2o\/bme2o\/ueber-uns\/projekte\/kryobiotech-2\/","title":{"rendered":"KryoBioTech"},"content":{"rendered":"<h6>Interaktive Lernmethode f\u00fcr das Tutorium KryoBioTech<\/h6>\n<p><img loading=\"lazy\" decoding=\"async\" class=\"aligncenter wp-image-106 size-full\" src=\"https:\/\/blbt.file2.wcms.tu-dresden.de\/bme2o\/wp-content\/uploads\/2016\/09\/kryobiotech-1.png\" width=\"350\" height=\"259\" srcset=\"https:\/\/blbt.file2.wcms.tu-dresden.de\/bme2o\/wp-content\/uploads\/2016\/09\/kryobiotech-1.png 350w, https:\/\/blbt.file2.wcms.tu-dresden.de\/bme2o\/wp-content\/uploads\/2016\/09\/kryobiotech-1-150x111.png 150w, https:\/\/blbt.file2.wcms.tu-dresden.de\/bme2o\/wp-content\/uploads\/2016\/09\/kryobiotech-1-300x222.png 300w, https:\/\/blbt.file2.wcms.tu-dresden.de\/bme2o\/wp-content\/uploads\/2016\/09\/kryobiotech-1-135x100.png 135w\" sizes=\"auto, (max-width: 350px) 85vw, 350px\" \/><\/p>\n<p>KryBioTech ist eine Lernsoftware, die im Auftrag des Instituts f\u00fcr Mehrphasenprozesse (Frau Prof. Glasmacher) der Leibniz Universit\u00e4t Hannover programmiert wurde.<br \/>\nKryoBioTech ist f\u00fcr die eigenst\u00e4ndige Vorbereitung und Durchf\u00fchrung des Praktikums &#8222;Kryokonservierung porciner Erythrozyten&#8220; in der Maschinenbau-Ausbildung im Studiengang &#8222;Energie- und Verfahrenstechnik&#8220; und im Masterstudium &#8222;Biomedizintechnik&#8220; konzipiert. Daf\u00fcr enth\u00e4lt die Software die grundlegenden theoretischen Zusammenh\u00e4nge, die Anleitung f\u00fcr die Versuchsdurchf\u00fchrung und interaktive \u00dcbungen.<\/p>\n<p>KryoBioTech &#8211; weiterf\u00fchrende Informationen erhalten Sie am <a href=\"http:\/\/www.zbm.uni-hannover.de\/\" target=\"_blank\">Zentrum f\u00fcr Biomedizintechnik der Leibnitz Universit\u00e4t Hannover<\/a><\/p>\n","protected":false},"excerpt":{"rendered":"<p>Interaktive Lernmethode f\u00fcr das Tutorium KryoBioTech KryBioTech ist eine Lernsoftware, die im Auftrag des Instituts f\u00fcr Mehrphasenprozesse (Frau Prof. Glasmacher) der Leibniz Universit\u00e4t Hannover programmiert wurde. KryoBioTech ist f\u00fcr die eigenst\u00e4ndige Vorbereitung und Durchf\u00fchrung des Praktikums &#8222;Kryokonservierung porciner Erythrozyten&#8220; in der Maschinenbau-Ausbildung im Studiengang &#8222;Energie- und Verfahrenstechnik&#8220; und im Masterstudium &#8222;Biomedizintechnik&#8220; konzipiert. Daf\u00fcr enth\u00e4lt die &hellip; <a href=\"https:\/\/blbt.file2.wcms.tu-dresden.de\/bme2o\/bme2o\/ueber-uns\/projekte\/kryobiotech-2\/\" class=\"more-link\"><span class=\"screen-reader-text\">\u201eKryoBioTech\u201c<\/span> weiterlesen<\/a><\/p>\n","protected":false},"author":1,"featured_media":0,"parent":59,"menu_order":4,"comment_status":"closed","ping_status":"closed","template":"","meta":{"footnotes":""},"class_list":["post-80","page","type-page","status-publish","hentry"],"aioseo_notices":[],"_links":{"self":[{"href":"https:\/\/blbt.file2.wcms.tu-dresden.de\/bme2o\/wp-json\/wp\/v2\/pages\/80","targetHints":{"allow":["GET"]}}],"collection":[{"href":"https:\/\/blbt.file2.wcms.tu-dresden.de\/bme2o\/wp-json\/wp\/v2\/pages"}],"about":[{"href":"https:\/\/blbt.file2.wcms.tu-dresden.de\/bme2o\/wp-json\/wp\/v2\/types\/page"}],"author":[{"embeddable":true,"href":"https:\/\/blbt.file2.wcms.tu-dresden.de\/bme2o\/wp-json\/wp\/v2\/users\/1"}],"replies":[{"embeddable":true,"href":"https:\/\/blbt.file2.wcms.tu-dresden.de\/bme2o\/wp-json\/wp\/v2\/comments?post=80"}],"version-history":[{"count":4,"href":"https:\/\/blbt.file2.wcms.tu-dresden.de\/bme2o\/wp-json\/wp\/v2\/pages\/80\/revisions"}],"predecessor-version":[{"id":251,"href":"https:\/\/blbt.file2.wcms.tu-dresden.de\/bme2o\/wp-json\/wp\/v2\/pages\/80\/revisions\/251"}],"up":[{"embeddable":true,"href":"https:\/\/blbt.file2.wcms.tu-dresden.de\/bme2o\/wp-json\/wp\/v2\/pages\/59"}],"wp:attachment":[{"href":"https:\/\/blbt.file2.wcms.tu-dresden.de\/bme2o\/wp-json\/wp\/v2\/media?parent=80"}],"curies":[{"name":"wp","href":"https:\/\/api.w.org\/{rel}","templated":true}]}}