{"id":88,"date":"2016-09-09T14:28:05","date_gmt":"2016-09-09T12:28:05","guid":{"rendered":"https:\/\/blbt.file2.wcms.tu-dresden.de\/bme2o\/?page_id=88"},"modified":"2016-09-11T16:33:31","modified_gmt":"2016-09-11T14:33:31","slug":"veroeffentlichungen","status":"publish","type":"page","link":"https:\/\/blbt.file2.wcms.tu-dresden.de\/bme2o\/bme2o\/ueber-uns\/veroeffentlichungen\/","title":{"rendered":"Ver\u00f6ffentlichungen"},"content":{"rendered":"<p><strong>Q2P-Workshop \u2013 Dresden<\/strong><\/p>\n<p>18.02.2013<br \/>\nVortrag im Workshop des Projektes &#8222;Q2P \u2013 Qualit\u00e4tssicherung und Qualit\u00e4tsmanagement in der postgradualen Weiterbildung&#8220;<\/p>\n<ul>\n<li><b><i>Blended Learning BMT \u2013 Nachhaltigkeit \u00f6ffentlich gef\u00f6rderter kooperativer Bildungsprodukte im Bereich der Biomedizintechnik<\/i><\/b><br \/>\nUte Morgenstern, Anja Abdel-Haq, Hans Dietrich, Susanne Hebestadt, Jan Kozusko, Julia Ku\u00df, Inge Rudolph<br \/>\n<a href=\"http:\/\/blbt.file2.wcms.tu-dresden.de\/bme2o\/veroeffentlichungen\/vortrag_nachhaltigkeit_blended_learning_bmt_q2p_%202_2013.pdf\" target=\"_blank\">Download als PDF<\/a><\/li>\n<\/ul>\n<hr \/>\n<p><strong>BMBF, BMG, BMWi: Nationaler Strategieprozess &#8222;Innovationen in der Medizintechnik&#8220; 2012<\/strong><\/p>\n<p>Mitarbeit am Schlussbericht: Nationaler Strategieprozess &#8222;Innovationen in der Medizintechnik&#8220; 2012, Medizintechnische Innovation in Deutschland. Empfehlungen zur Verbesserung der Innovationsrahmenbedingungen f\u00fcr Hochtechnologie-Medizin in Deutschland. Berlin 2012. Dokument online im Internet:<a href=\"http:\/\/www.strategieprozess-medizintechnik.de\/sites\/default\/files\/Schlussbericht_NSIM.pdf\" target=\"_blank\">http:\/\/www.strategieprozess-medizintechnik.de\/sites\/default\/files\/Schlussbericht_NSIM.pdf<\/a> (Stand: 01.12.2012)<\/p>\n<hr \/>\n<p><strong>46. Jahrestagung der Deutschen Gesellschaft f\u00fcr Biomedizinische Technik<\/strong><\/p>\n<p>16. &#8211; 19. September 2012 in Jena<br \/>\nVortrag: Co-operative Blended Learning Biomedical Engineering<br \/>\nLink zum Artikel: <a href=\"http:\/\/www.degruyter.com\/view\/j\/bmte.2012.57.issue-s1-A\/bmt-2012-4321\/bmt-2012-4321.xml?format=INT\" target=\"_blank\">http:\/\/www.degruyter.com\/view\/j\/bmte.2012.57.issue-s1-A\/bmt-2012-4321\/bmt-2012-4321.xml?format=INT<\/a><br \/>\nVortrag: Promoting Young &#8222;MINT&#8220;-talents In Pre-school And School Children As Future Specialists In Biomedical Engineering<br \/>\nLink zum Artikel: <a href=\"http:\/\/www.degruyter.com\/view\/j\/bmte.2012.57.issue-s1-A\/bmt-2012-4436\/bmt-2012-4436.xml?format=INT\" target=\"_blank\">http:\/\/www.degruyter.com\/view\/j\/bmte.2012.57.issue-s1-A\/bmt-2012-4436\/bmt-2012-4436.xml?format=INT<\/a><\/p>\n<hr \/>\n<p><strong>Statusreport Biomedizinische Technik: Aus- und Weiterbildung in deutschsprachigen L\u00e4ndern<\/strong><\/p>\n<p>Anja Abdel-Haq, Martin Baumann, Sabine Fincke, Marc Kraft, Ute Morgenstern, Thomas Schmitt, Karsten Seidl, Maria Zellerhoff.<br \/>\nFachausschuss &#8222;Aus- und Weiterbildung \u2013 Biomedizinische Technik im Studium&#8220; der DGBMT \u2013 Deutsche Gesellschaft f\u00fcr Biomedizinische Technik im VDE. Jena 2012. Link: <a href=\"http:\/\/www.dgbmt.de\/ausbildung\" target=\"_blank\">http:\/\/www.dgbmt.de\/ausbildung<\/a> (Stand: 01.09.2012)<\/p>\n<hr \/>\n<p><strong>IEEE International Conference on Education and e-Learning Innovations (ICEELI 2012)<\/strong><\/p>\n<p>01. &#8211; 03. Juli 2012 in Sousse, Tunisia<br \/>\nVortrag: Enhanced Laboratory Exercises For Biomedical Engineering Courses<br \/>\nLink zum Artikel: <a href=\"http:\/\/ieeexplore.ieee.org\/xpl\/articleDetails.jsp?tp=&amp;arnumber=6360605\" target=\"_blank\">http:\/\/ieeexplore.ieee.org\/xpl\/articleDetails.jsp?tp=&amp;arnumber=6360605<\/a><\/p>\n<hr \/>\n<p><strong>7th International conference on distant education<\/strong><\/p>\n<p>25. &#8211; 27. Juni 2012 in Prag<br \/>\nVortrag: E-Learning In The Field Of Biomedical Engineering In Saxony<br \/>\nLink zum Tagungsband: <a href=\"http:\/\/disco2012.eu\/wp-content\/uploads\/2012\/06\/7thDisCo_Conference_Reader_New_Media_and_Education.pdf\" target=\"_blank\">http:\/\/disco2012.eu\/wp-content\/uploads\/2012\/06\/7thDisCo_Conference_Reader_New_Media_and_Education.pdf<\/a><\/p>\n<hr \/>\n<p><strong>3rd. International Conference on New Horizons in Education \u2013 INTE 2012<\/strong><\/p>\n<p>05. &#8211; 07. Juni 2012 in Prag<br \/>\nVortrag: Evaluation Of An ELearning Scenario For Biomedical Engineers<br \/>\nLink zum Artikel: <a href=\"http:\/\/www.sciencedirect.com\/science\/article\/pii\/S1877042812040153\" target=\"_blank\">http:\/\/www.sciencedirect.com\/science\/article\/pii\/S1877042812040153<\/a><\/p>\n<hr \/>\n<p><strong>Q2P-Workshop \u2013 Dresden<\/strong><\/p>\n<p>08.02.2012<br \/>\nVortrag im Workshop des Projektes &#8222;Q2P \u2013 Qualit\u00e4tssicherung und Qualit\u00e4tsmanagement in der postgradualen Weiterbildung&#8220;<\/p>\n<ul>\n<li><b><i>Blended Learning BMT \u2013 Stand, Evaluation\u2009\/\u2009Qualit\u00e4tsmanagement, Vermarktungsm\u00f6glichkeiten<\/i><\/b><br \/>\nUte Morgenstern, Anja Abdel-Haq, Inge Rudolph<br \/>\n<a href=\"http:\/\/blbt.file2.wcms.tu-dresden.de\/bme2o\/veroeffentlichungen\/vortrag_blended_learning_bmt__q2p_2_2012.pdf\" target=\"_blank\">Download als PDF<\/a><\/li>\n<\/ul>\n<hr \/>\n<p><strong>Learntec 2012 &#8211; Karlsruhe<\/strong><\/p>\n<p>31.01. &#8211; 02.02.2012<br \/>\nDie Zwischenergebnisse und ersten eLearning-Module wurden auf <a href=\"http:\/\/www.learntec.de\/\" target=\"_BLANK\">&#8222;20. Internationalen Leitmesse und Kongress f\u00fcr professionelle Bildung, Lernen und IT \u2013 Learntec 2012&#8220;<\/a> in Karlsruhe vorgestelt.<\/p>\n<hr \/>\n<p><strong>Q2P-Workshop \u2013 Leipzig<\/strong><\/p>\n<p>25.10.2011<br \/>\nVortrag im Workshop des Projektes &#8222;Q2P \u2013 Qualit\u00e4tssicherung und Qualit\u00e4tsmanagement in der postgradualen Weiterbildung&#8220;<\/p>\n<ul>\n<li><b><i>Blended Learning BMT: Konzept, Perspektive und Rahmenbedingungen<\/i><\/b><br \/>\nUte Morgenstern.<\/li>\n<\/ul>\n<hr \/>\n<p><strong>BMT Tagung 2011 &#8211; Freiburg<\/strong><\/p>\n<p>27.09. &#8211; 30.09.2011<br \/>\nAus- und Weiterbildung BMT:<br \/>\nLink zum Artikel: <a href=\"http:\/\/blbt.file2.wcms.tu-dresden.de\/bme2o\/veroeffentlichungen\/Morgenstern_Freiburg_2011.pdf\" target=\"_BLANK\">\u00dcbersicht und Perspektive: Studienangebote, Lehrbuchreihe und eLearning<\/a><br \/>\nVortrag von Frau PD Dr.-Ing. Ute Morgenstern<\/p>\n<hr \/>\n<p><strong>Zukunftskonferenz &#8222;Innovationen in der Medizintechnik&#8220;<\/strong><\/p>\n<p>20.06. &#8211; 21.06.2011<br \/>\ngemeinsame Veranstaltung der Bundesministerien und Fachverb\u00e4nde.<\/p>\n<ul>\n<li><b><i>Hochschulausbildung Biomedizinische Technik \u2013 Anspruch, Trend und M\u00f6glichkeiten<\/i><\/b><br \/>\nUte Morgenstern.<br \/>\nVortrag in der Session Qualit\u00e4t braucht Qualifikation \u2013 Fachkr\u00e4ftesicherung und Nachwuchsf\u00f6rderung in der Medizintechnik.<\/li>\n<\/ul>\n<hr \/>\n<p><strong>BMT Tagung 2010 &#8211; Rostock<\/strong><\/p>\n<p>05.10. &#8211; 08.10.2010<br \/>\nAuf der Jahrestagung der Deutschen Gesselschaft f\u00fcr Biomedizinische Technik hat eine FAL Session <b>Blended Learning, Simulation und Training in Aus- und Weiterbildung<\/b> stattgefunden. Hier wurden die erarbeiteten Konzepte f\u00fcr die Gestaltung des Lernsoftwaresystems und Studiengangs pr\u00e4sentiert.<\/p>\n<p><span style=\"text-decoration: underline;\">Beitr\u00e4ge<\/span><\/p>\n<ul>\n<li><b><i>Blended Learning BMT \u2013 Konzept, Perspektive und Rahmenbedingungen<\/i><\/b><br \/>\nUte Morgenstern (TU Dresden, Germany); Anja Abdel-Haq (TU Dresden, Germany); Jan Ko\u017eu\u0161ko (TU Dresden, Germany); Julia Ku\u00df (TU Dresden, Germany); Linda Huber (TU Dresden, Germany); Hans Dietrich (TU Dresden, Germany); Inge Rudolph (TU Dresden, Germany); Susanne Hebestadt (TU Dresden, Germany)<\/li>\n<li><b><i>Interaktive Lernmethode f\u00fcr das Tutorium KryoBio-Tech (Interactive Learning Method For Tutorial Cryo And Biopreservation Technology)<\/i><\/b><br \/>\nTatiana Chukhlova (Leibniz Universit\u00e4t Hannover, Germany); Brigit Glasmacher (Leibniz Universit\u00e4t Hannover, Germany); Ralf Spindler (Leibniz Universit\u00e4t Hannover, Germany)<\/li>\n<li><b><i>User Interface Design im Prozess der Entwicklung von eLearning-Software f\u00fcr Blended Learning BMT<\/i><\/b><br \/>\nSusanne Hebestadt (TU Dresden, Germany); Linda Huber (TU Dresden, Germany); Ute Morgenstern (TU Dresden, Germany)<\/li>\n<li><b><i>Evaluation von eLearning-Software f\u00fcr Blended Learning BMT<\/i><\/b><br \/>\nAnja Abdel-Haq (TU Dresden, Germany); Inge Rudolph (TU Dresden, Germany); Ute Morgenstern (TU Dresden, Germany)<\/li>\n<li><b><i>Werkzeuge zur Entwicklung und Implementierung von eLearning-Software f\u00fcr Blended Learning BMT<\/i><\/b><br \/>\nHans Dietrich (TU Dresden, Germany); Susanne Hebestadt (TU Dresden, Germany); Ute Morgenstern (TU Dresden, Germany)<\/li>\n<li><b><i>Didaktische Gestaltung des Blended-Learning-Moduls &#8222;Modelle in der BMT&#8220; am Beispiel der zerebralen Autoregulation<\/i><\/b><br \/>\nJan Ko\u017eu\u0161ko (TU Dresden, Germany); Ute Morgenstern (TU Dresden, Germany)<\/li>\n<\/ul>\n<hr \/>\n<p><strong>Workshop: Mediendidaktik \u2013 Anregungen zur Herstellung von Lern- und Trainingssoftware<\/strong><\/p>\n<p><strong>01.07.2010<\/strong><br \/>\n<strong>Interne Veranstaltung f\u00fcr die Projektmitarbeiter und die Projektpartner.<\/strong><\/p>\n<hr \/>\n<p><strong>Auftakt-Workshop<\/strong><\/p>\n<p>Am 14.05.2010 hat in Dresden der Auftakt-Workshop stattgefunden. Wir danken allen Beteiligten und freuen uns auf eine konstruktive Zusammenarbeit.<\/p>\n<p><span style=\"text-decoration: underline;\">Programm<\/span><\/p>\n<ol>\n<li>Begr\u00fc\u00dfung und Vorstellung des Projekts (Ute Morgenstern)<\/li>\n<li>Kurzvorstellung der Inhalte der Projektmodule sowie bereits erstellter Lernsoftware<\/li>\n<li>Kurzvorstellung und Diskussion des Grundkonzepts des kooperativen Masterstudium\n<ul>\n<li>Lernstile und lernmethodische Aspekte (Dr. Anja Abdel-Haq)<\/li>\n<li>Kooperation verschiedener Hochschulen: s\u00e4chsische, nationale und internationale Partner<\/li>\n<li>Organisation des Studienzugangs, der Pr\u00e4senzphasen, der Pr\u00fcfungen und des Abschlusses<\/li>\n<li>Qualit\u00e4tsanforderungen hinsichtlich Akkreditierung<\/li>\n<\/ul>\n<\/li>\n<li>Kurzvorstellung und Diskussion des Grundkonzepts f\u00fcr die eLearning- Software\n<ul>\n<li>Grundkonzept der zu entwickelnden Lernsoftware f\u00fcr Blended Learning<\/li>\n<li>Einf\u00fchrung in Evaluationskriterien f\u00fcr die Lernsoftware<\/li>\n<li>Design der Grafischen Benutzeroberfl\u00e4che f\u00fcr eLearning-Module<\/li>\n<li>Demovideo \u2013 Beatmungssoftware<\/li>\n<li>Funktionalit\u00e4t der Lernsoftware und Demonstration verschiedener Umsetzungsm\u00f6glichkeiten f\u00fcr \u00dcbungen und Tests<\/li>\n<li>Einsatzm\u00f6glichkeiten f\u00fcr Blended Learning<\/li>\n<\/ul>\n<\/li>\n<\/ol>\n","protected":false},"excerpt":{"rendered":"<p>Q2P-Workshop \u2013 Dresden 18.02.2013 Vortrag im Workshop des Projektes &#8222;Q2P \u2013 Qualit\u00e4tssicherung und Qualit\u00e4tsmanagement in der postgradualen Weiterbildung&#8220; Blended Learning BMT \u2013 Nachhaltigkeit \u00f6ffentlich gef\u00f6rderter kooperativer Bildungsprodukte im Bereich der Biomedizintechnik Ute Morgenstern, Anja Abdel-Haq, Hans Dietrich, Susanne Hebestadt, Jan Kozusko, Julia Ku\u00df, Inge Rudolph Download als PDF BMBF, BMG, BMWi: Nationaler Strategieprozess &#8222;Innovationen in &hellip; <a href=\"https:\/\/blbt.file2.wcms.tu-dresden.de\/bme2o\/bme2o\/ueber-uns\/veroeffentlichungen\/\" class=\"more-link\"><span class=\"screen-reader-text\">\u201eVer\u00f6ffentlichungen\u201c<\/span> weiterlesen<\/a><\/p>\n","protected":false},"author":1,"featured_media":0,"parent":14,"menu_order":5,"comment_status":"closed","ping_status":"closed","template":"","meta":{"footnotes":""},"class_list":["post-88","page","type-page","status-publish","hentry"],"aioseo_notices":[],"_links":{"self":[{"href":"https:\/\/blbt.file2.wcms.tu-dresden.de\/bme2o\/wp-json\/wp\/v2\/pages\/88","targetHints":{"allow":["GET"]}}],"collection":[{"href":"https:\/\/blbt.file2.wcms.tu-dresden.de\/bme2o\/wp-json\/wp\/v2\/pages"}],"about":[{"href":"https:\/\/blbt.file2.wcms.tu-dresden.de\/bme2o\/wp-json\/wp\/v2\/types\/page"}],"author":[{"embeddable":true,"href":"https:\/\/blbt.file2.wcms.tu-dresden.de\/bme2o\/wp-json\/wp\/v2\/users\/1"}],"replies":[{"embeddable":true,"href":"https:\/\/blbt.file2.wcms.tu-dresden.de\/bme2o\/wp-json\/wp\/v2\/comments?post=88"}],"version-history":[{"count":2,"href":"https:\/\/blbt.file2.wcms.tu-dresden.de\/bme2o\/wp-json\/wp\/v2\/pages\/88\/revisions"}],"predecessor-version":[{"id":262,"href":"https:\/\/blbt.file2.wcms.tu-dresden.de\/bme2o\/wp-json\/wp\/v2\/pages\/88\/revisions\/262"}],"up":[{"embeddable":true,"href":"https:\/\/blbt.file2.wcms.tu-dresden.de\/bme2o\/wp-json\/wp\/v2\/pages\/14"}],"wp:attachment":[{"href":"https:\/\/blbt.file2.wcms.tu-dresden.de\/bme2o\/wp-json\/wp\/v2\/media?parent=88"}],"curies":[{"name":"wp","href":"https:\/\/api.w.org\/{rel}","templated":true}]}}